{"id":838,"date":"2023-06-13T10:45:45","date_gmt":"2023-06-13T08:45:45","guid":{"rendered":"https:\/\/www.elisabetroyuela.com\/conseil-commercial-et-entreprise\/"},"modified":"2024-07-08T20:08:10","modified_gmt":"2024-07-08T18:08:10","slug":"conseil-commercial-et-entreprise-andorre","status":"publish","type":"page","link":"https:\/\/www.elisabetroyuela.com\/fr\/conseil-commercial-et-entreprise-andorre\/","title":{"rendered":"Conseil Commercial et Entreprise en Andorre"},"content":{"rendered":"\t\t<div data-elementor-type=\"wp-page\" data-elementor-id=\"838\" class=\"elementor elementor-838 elementor-479\" data-elementor-post-type=\"page\">\n\t\t\t\t<div class=\"elementor-element elementor-element-6d9fbf0 e-flex e-con-boxed e-con e-parent\" data-id=\"6d9fbf0\" data-element_type=\"container\" data-settings=\"{&quot;background_background&quot;:&quot;gradient&quot;}\">\n\t\t\t\t\t<div class=\"e-con-inner\">\n\t\t\t\t\t<\/div>\n\t\t\t\t<\/div>\n\t\t<div class=\"elementor-element elementor-element-5c6d1af e-flex e-con-boxed e-con e-parent\" data-id=\"5c6d1af\" data-element_type=\"container\">\n\t\t\t\t\t<div class=\"e-con-inner\">\n\t\t<div class=\"elementor-element elementor-element-4d31b87 e-con-full e-flex e-con e-child\" data-id=\"4d31b87\" data-element_type=\"container\">\n\t\t\t\t<div class=\"elementor-element elementor-element-a6e231d elementor-widget elementor-widget-text-editor\" data-id=\"a6e231d\" data-element_type=\"widget\" data-widget_type=\"text-editor.default\">\n\t\t\t\t<div class=\"elementor-widget-container\">\n\t\t\t<style>\/*! elementor - v3.21.0 - 18-04-2024 *\/\n.elementor-widget-text-editor.elementor-drop-cap-view-stacked .elementor-drop-cap{background-color:#69727d;color:#fff}.elementor-widget-text-editor.elementor-drop-cap-view-framed .elementor-drop-cap{color:#69727d;border:3px solid;background-color:transparent}.elementor-widget-text-editor:not(.elementor-drop-cap-view-default) .elementor-drop-cap{margin-top:8px}.elementor-widget-text-editor:not(.elementor-drop-cap-view-default) .elementor-drop-cap-letter{width:1em;height:1em}.elementor-widget-text-editor .elementor-drop-cap{float:left;text-align:center;line-height:1;font-size:50px}.elementor-widget-text-editor .elementor-drop-cap-letter{display:inline-block}<\/style>\t\t\t\t<p>En tant qu&rsquo;avocate inscrite au Barreau d&rsquo;Andorre et sp\u00e9cialiste en droit financier, j&rsquo;offre des services juridiques dans ce domaine, visant \u00e0 conseiller et\/ou d\u00e9fendre les clients dans des proc\u00e9dures contentieuses et des comparutions devant les tribunaux de la \u00ab Batllia \u00bb, y compris les affaires p\u00e9nales.<\/p>\n<p><span style=\"font-style: inherit; font-weight: inherit; color: var( --e-global-color-text ); font-family: var( --e-global-typography-text-font-family ), Sans-serif; text-align: var(--text-align); background-color: var(--ast-global-color-5);\">De plus, j&rsquo;offre un service de conseil juridique qui englobe des conseils juridiques, commerciaux et financiers pour les entreprises et les particuliers sur des questions n\u00e9cessitant une sp\u00e9cialisation en droit financier, droit des soci\u00e9t\u00e9s, droit commercial et gestion d&rsquo;entreprise :<\/span><\/p>\n\t\t\t\t\t\t<\/div>\n\t\t\t\t<\/div>\n\t\t\t\t<\/div>\n\t\t<div class=\"elementor-element elementor-element-5ace3a9 e-con-full e-flex e-con e-child\" data-id=\"5ace3a9\" data-element_type=\"container\">\n\t\t\t\t<div class=\"elementor-element elementor-element-4f542de elementor-widget elementor-widget-image\" data-id=\"4f542de\" data-element_type=\"widget\" data-widget_type=\"image.default\">\n\t\t\t\t<div class=\"elementor-widget-container\">\n\t\t\t<style>\/*! elementor - v3.21.0 - 18-04-2024 *\/\n.elementor-widget-image{text-align:center}.elementor-widget-image a{display:inline-block}.elementor-widget-image a img[src$=\".svg\"]{width:48px}.elementor-widget-image img{vertical-align:middle;display:inline-block}<\/style>\t\t\t\t\t\t\t\t\t\t<img fetchpriority=\"high\" decoding=\"async\" width=\"1024\" height=\"683\" src=\"https:\/\/www.elisabetroyuela.com\/wp-content\/uploads\/2024\/03\/Dret_igualtat_1.jpg\" class=\"attachment-large size-large wp-image-626\" alt=\"advocada a andorra\" srcset=\"https:\/\/www.elisabetroyuela.com\/wp-content\/uploads\/2024\/03\/Dret_igualtat_1.jpg 1024w, https:\/\/www.elisabetroyuela.com\/wp-content\/uploads\/2024\/03\/Dret_igualtat_1-300x200.jpg 300w, https:\/\/www.elisabetroyuela.com\/wp-content\/uploads\/2024\/03\/Dret_igualtat_1-768x512.jpg 768w\" sizes=\"(max-width: 1024px) 100vw, 1024px\" \/>\t\t\t\t\t\t\t\t\t\t\t\t\t<\/div>\n\t\t\t\t<\/div>\n\t\t\t\t<\/div>\n\t\t\t\t\t<\/div>\n\t\t\t\t<\/div>\n\t\t<div class=\"elementor-element elementor-element-5fd1267 e-flex e-con-boxed e-con e-parent\" data-id=\"5fd1267\" data-element_type=\"container\">\n\t\t\t\t\t<div class=\"e-con-inner\">\n\t\t<div class=\"elementor-element elementor-element-80d71ca e-con-full e-flex e-con e-child\" data-id=\"80d71ca\" data-element_type=\"container\">\n\t\t\t\t<div class=\"elementor-element elementor-element-2c6b4d7 elementor-widget elementor-widget-image\" data-id=\"2c6b4d7\" data-element_type=\"widget\" data-widget_type=\"image.default\">\n\t\t\t\t<div class=\"elementor-widget-container\">\n\t\t\t\t\t\t\t\t\t\t\t\t\t<img decoding=\"async\" width=\"1024\" height=\"597\" src=\"https:\/\/www.elisabetroyuela.com\/wp-content\/uploads\/2024\/03\/Dret-financer_1.jpg\" class=\"attachment-large size-large wp-image-694\" alt=\"Assessorament Mercantil Empresarial a Andorra\" srcset=\"https:\/\/www.elisabetroyuela.com\/wp-content\/uploads\/2024\/03\/Dret-financer_1.jpg 1024w, https:\/\/www.elisabetroyuela.com\/wp-content\/uploads\/2024\/03\/Dret-financer_1-300x175.jpg 300w, https:\/\/www.elisabetroyuela.com\/wp-content\/uploads\/2024\/03\/Dret-financer_1-768x448.jpg 768w\" sizes=\"(max-width: 1024px) 100vw, 1024px\" \/>\t\t\t\t\t\t\t\t\t\t\t\t\t<\/div>\n\t\t\t\t<\/div>\n\t\t\t\t<\/div>\n\t\t<div class=\"elementor-element elementor-element-f316087 e-con-full e-flex e-con e-child\" data-id=\"f316087\" data-element_type=\"container\">\n\t\t\t\t<div class=\"elementor-element elementor-element-4fe21b2 elementor-widget elementor-widget-text-editor\" data-id=\"4fe21b2\" data-element_type=\"widget\" data-widget_type=\"text-editor.default\">\n\t\t\t\t<div class=\"elementor-widget-container\">\n\t\t\t\t\t\t\t<ul>\n<li>Conformit\u00e9 R\u00e9glementaire et Pr\u00e9vention du Blanchiment d&rsquo;Argent<\/li>\n<li>Plans d&rsquo;\u00c9galit\u00e9 et Mise en \u0152uvre de Protocoles de Harc\u00e8lement<\/li>\n<li>Conseil dans le Syst\u00e8me Financier et d&rsquo;Assurance<\/li>\n<li>Faillites et Restructurations d&rsquo;Entreprises<\/li>\n<li>Proc\u00e9dures Contentieuses en Mati\u00e8re Civile, Laborale et Commerciale<\/li>\n<li>N\u00e9gociation et Contractualisation en G\u00e9n\u00e9ral<\/li>\n<li>Planification des H\u00e9ritages et Successions<\/li>\n<li>Personne et Famille<\/li>\n<\/ul>\n\t\t\t\t\t\t<\/div>\n\t\t\t\t<\/div>\n\t\t\t\t<\/div>\n\t\t\t\t\t<\/div>\n\t\t\t\t<\/div>\n\t\t\t\t<\/div>\n\t\t","protected":false},"excerpt":{"rendered":"<p>En tant qu&rsquo;avocate inscrite au Barreau d&rsquo;Andorre et sp\u00e9cialiste en droit financier, j&rsquo;offre des services juridiques dans ce domaine, visant \u00e0 conseiller et\/ou d\u00e9fendre les clients dans des proc\u00e9dures contentieuses et des comparutions devant les tribunaux de la \u00ab Batllia \u00bb, y compris les affaires p\u00e9nales. De plus, j&rsquo;offre un service de conseil juridique qui [&hellip;]<\/p>\n","protected":false},"author":1,"featured_media":0,"parent":0,"menu_order":0,"comment_status":"closed","ping_status":"closed","template":"","meta":{"site-sidebar-layout":"no-sidebar","site-content-layout":"page-builder","ast-site-content-layout":"","site-content-style":"default","site-sidebar-style":"default","ast-global-header-display":"","ast-banner-title-visibility":"","ast-main-header-display":"","ast-hfb-above-header-display":"","ast-hfb-below-header-display":"","ast-hfb-mobile-header-display":"","site-post-title":"disabled","ast-breadcrumbs-content":"","ast-featured-img":"disabled","footer-sml-layout":"","theme-transparent-header-meta":"","adv-header-id-meta":"","stick-header-meta":"","header-above-stick-meta":"","header-main-stick-meta":"","header-below-stick-meta":"","astra-migrate-meta-layouts":"default","ast-page-background-enabled":"default","ast-page-background-meta":{"desktop":{"background-color":"var(--ast-global-color-4)","background-image":"","background-repeat":"repeat","background-position":"center center","background-size":"auto","background-attachment":"scroll","background-type":"","background-media":"","overlay-type":"","overlay-color":"","overlay-gradient":""},"tablet":{"background-color":"","background-image":"","background-repeat":"repeat","background-position":"center center","background-size":"auto","background-attachment":"scroll","background-type":"","background-media":"","overlay-type":"","overlay-color":"","overlay-gradient":""},"mobile":{"background-color":"","background-image":"","background-repeat":"repeat","background-position":"center center","background-size":"auto","background-attachment":"scroll","background-type":"","background-media":"","overlay-type":"","overlay-color":"","overlay-gradient":""}},"ast-content-background-meta":{"desktop":{"background-color":"var(--ast-global-color-5)","background-image":"","background-repeat":"repeat","background-position":"center center","background-size":"auto","background-attachment":"scroll","background-type":"","background-media":"","overlay-type":"","overlay-color":"","overlay-gradient":""},"tablet":{"background-color":"var(--ast-global-color-5)","background-image":"","background-repeat":"repeat","background-position":"center center","background-size":"auto","background-attachment":"scroll","background-type":"","background-media":"","overlay-type":"","overlay-color":"","overlay-gradient":""},"mobile":{"background-color":"var(--ast-global-color-5)","background-image":"","background-repeat":"repeat","background-position":"center center","background-size":"auto","background-attachment":"scroll","background-type":"","background-media":"","overlay-type":"","overlay-color":"","overlay-gradient":""}},"footnotes":""},"yoast_head":"<!-- This site is optimized with the Yoast SEO plugin v22.5 - https:\/\/yoast.com\/wordpress\/plugins\/seo\/ -->\n<title>Conseil Commercial et Entreprise en Andorre - Elisabet Royuela | Avocate en Andorre<\/title>\n<meta name=\"robots\" content=\"index, follow, max-snippet:-1, max-image-preview:large, max-video-preview:-1\" \/>\n<link rel=\"canonical\" href=\"https:\/\/www.elisabetroyuela.com\/fr\/conseil-commercial-et-entreprise-andorre\/\" \/>\n<meta property=\"og:locale\" content=\"fr_FR\" \/>\n<meta property=\"og:type\" content=\"article\" \/>\n<meta property=\"og:title\" content=\"Conseil Commercial et Entreprise en Andorre - Elisabet Royuela | Avocate en Andorre\" \/>\n<meta property=\"og:description\" content=\"En tant qu&rsquo;avocate inscrite au Barreau d&rsquo;Andorre et sp\u00e9cialiste en droit financier, j&rsquo;offre des services juridiques dans ce domaine, visant \u00e0 conseiller et\/ou d\u00e9fendre les clients dans des proc\u00e9dures contentieuses et des comparutions devant les tribunaux de la \u00ab Batllia \u00bb, y compris les affaires p\u00e9nales. De plus, j&rsquo;offre un service de conseil juridique qui [&hellip;]\" \/>\n<meta property=\"og:url\" content=\"https:\/\/www.elisabetroyuela.com\/fr\/conseil-commercial-et-entreprise-andorre\/\" \/>\n<meta property=\"og:site_name\" content=\"Elisabet Royuela | Avocate en Andorre\" \/>\n<meta property=\"article:modified_time\" content=\"2024-07-08T18:08:10+00:00\" \/>\n<meta property=\"og:image\" content=\"https:\/\/www.elisabetroyuela.com\/wp-content\/uploads\/2024\/03\/Dret_igualtat_1.jpg\" \/>\n<meta name=\"twitter:card\" content=\"summary_large_image\" \/>\n<meta name=\"twitter:label1\" content=\"Dur\u00e9e de lecture estim\u00e9e\" \/>\n\t<meta name=\"twitter:data1\" content=\"1 minute\" \/>\n<script type=\"application\/ld+json\" class=\"yoast-schema-graph\">{\"@context\":\"https:\/\/schema.org\",\"@graph\":[{\"@type\":\"WebPage\",\"@id\":\"https:\/\/www.elisabetroyuela.com\/fr\/conseil-commercial-et-entreprise-andorre\/\",\"url\":\"https:\/\/www.elisabetroyuela.com\/fr\/conseil-commercial-et-entreprise-andorre\/\",\"name\":\"Conseil Commercial et Entreprise en Andorre - Elisabet Royuela | Avocate en Andorre\",\"isPartOf\":{\"@id\":\"https:\/\/www.elisabetroyuela.com\/#website\"},\"primaryImageOfPage\":{\"@id\":\"https:\/\/www.elisabetroyuela.com\/fr\/conseil-commercial-et-entreprise-andorre\/#primaryimage\"},\"image\":{\"@id\":\"https:\/\/www.elisabetroyuela.com\/fr\/conseil-commercial-et-entreprise-andorre\/#primaryimage\"},\"thumbnailUrl\":\"https:\/\/www.elisabetroyuela.com\/wp-content\/uploads\/2024\/03\/Dret_igualtat_1.jpg\",\"datePublished\":\"2023-06-13T08:45:45+00:00\",\"dateModified\":\"2024-07-08T18:08:10+00:00\",\"breadcrumb\":{\"@id\":\"https:\/\/www.elisabetroyuela.com\/fr\/conseil-commercial-et-entreprise-andorre\/#breadcrumb\"},\"inLanguage\":\"fr-FR\",\"potentialAction\":[{\"@type\":\"ReadAction\",\"target\":[\"https:\/\/www.elisabetroyuela.com\/fr\/conseil-commercial-et-entreprise-andorre\/\"]}]},{\"@type\":\"ImageObject\",\"inLanguage\":\"fr-FR\",\"@id\":\"https:\/\/www.elisabetroyuela.com\/fr\/conseil-commercial-et-entreprise-andorre\/#primaryimage\",\"url\":\"https:\/\/www.elisabetroyuela.com\/wp-content\/uploads\/2024\/03\/Dret_igualtat_1.jpg\",\"contentUrl\":\"https:\/\/www.elisabetroyuela.com\/wp-content\/uploads\/2024\/03\/Dret_igualtat_1.jpg\"},{\"@type\":\"BreadcrumbList\",\"@id\":\"https:\/\/www.elisabetroyuela.com\/fr\/conseil-commercial-et-entreprise-andorre\/#breadcrumb\",\"itemListElement\":[{\"@type\":\"ListItem\",\"position\":1,\"name\":\"Inici\",\"item\":\"https:\/\/www.elisabetroyuela.com\/fr\/\"},{\"@type\":\"ListItem\",\"position\":2,\"name\":\"Conseil Commercial et Entreprise en Andorre\"}]},{\"@type\":\"WebSite\",\"@id\":\"https:\/\/www.elisabetroyuela.com\/#website\",\"url\":\"https:\/\/www.elisabetroyuela.com\/\",\"name\":\"Elisabet Royuela | Advocada a Andorra\",\"description\":\"Estudi jur\u00eddic especialitzat en igualtat i finances\",\"publisher\":{\"@id\":\"https:\/\/www.elisabetroyuela.com\/#organization\"},\"potentialAction\":[{\"@type\":\"SearchAction\",\"target\":{\"@type\":\"EntryPoint\",\"urlTemplate\":\"https:\/\/www.elisabetroyuela.com\/?s={search_term_string}\"},\"query-input\":\"required name=search_term_string\"}],\"inLanguage\":\"fr-FR\"},{\"@type\":\"Organization\",\"@id\":\"https:\/\/www.elisabetroyuela.com\/#organization\",\"name\":\"Elisabet Royuela | Avocate en Andorre\",\"url\":\"https:\/\/www.elisabetroyuela.com\/\",\"logo\":{\"@type\":\"ImageObject\",\"inLanguage\":\"fr-FR\",\"@id\":\"https:\/\/www.elisabetroyuela.com\/#\/schema\/logo\/image\/\",\"url\":\"https:\/\/www.elisabetroyuela.com\/wp-content\/uploads\/2023\/06\/Logo_transparent-1.png\",\"contentUrl\":\"https:\/\/www.elisabetroyuela.com\/wp-content\/uploads\/2023\/06\/Logo_transparent-1.png\",\"width\":600,\"height\":180,\"caption\":\"Elisabet Royuela | Avocate en Andorre\"},\"image\":{\"@id\":\"https:\/\/www.elisabetroyuela.com\/#\/schema\/logo\/image\/\"},\"sameAs\":[\"https:\/\/www.linkedin.com\/in\/elisabeth-royuela-ampurdans-4a973b111\"]}]}<\/script>\n<!-- \/ Yoast SEO plugin. -->","yoast_head_json":{"title":"Conseil Commercial et Entreprise en Andorre - Elisabet Royuela | Avocate en Andorre","robots":{"index":"index","follow":"follow","max-snippet":"max-snippet:-1","max-image-preview":"max-image-preview:large","max-video-preview":"max-video-preview:-1"},"canonical":"https:\/\/www.elisabetroyuela.com\/fr\/conseil-commercial-et-entreprise-andorre\/","og_locale":"fr_FR","og_type":"article","og_title":"Conseil Commercial et Entreprise en Andorre - Elisabet Royuela | Avocate en Andorre","og_description":"En tant qu&rsquo;avocate inscrite au Barreau d&rsquo;Andorre et sp\u00e9cialiste en droit financier, j&rsquo;offre des services juridiques dans ce domaine, visant \u00e0 conseiller et\/ou d\u00e9fendre les clients dans des proc\u00e9dures contentieuses et des comparutions devant les tribunaux de la \u00ab Batllia \u00bb, y compris les affaires p\u00e9nales. De plus, j&rsquo;offre un service de conseil juridique qui [&hellip;]","og_url":"https:\/\/www.elisabetroyuela.com\/fr\/conseil-commercial-et-entreprise-andorre\/","og_site_name":"Elisabet Royuela | Avocate en Andorre","article_modified_time":"2024-07-08T18:08:10+00:00","og_image":[{"url":"https:\/\/www.elisabetroyuela.com\/wp-content\/uploads\/2024\/03\/Dret_igualtat_1.jpg"}],"twitter_card":"summary_large_image","twitter_misc":{"Dur\u00e9e de lecture estim\u00e9e":"1 minute"},"schema":{"@context":"https:\/\/schema.org","@graph":[{"@type":"WebPage","@id":"https:\/\/www.elisabetroyuela.com\/fr\/conseil-commercial-et-entreprise-andorre\/","url":"https:\/\/www.elisabetroyuela.com\/fr\/conseil-commercial-et-entreprise-andorre\/","name":"Conseil Commercial et Entreprise en Andorre - Elisabet Royuela | Avocate en Andorre","isPartOf":{"@id":"https:\/\/www.elisabetroyuela.com\/#website"},"primaryImageOfPage":{"@id":"https:\/\/www.elisabetroyuela.com\/fr\/conseil-commercial-et-entreprise-andorre\/#primaryimage"},"image":{"@id":"https:\/\/www.elisabetroyuela.com\/fr\/conseil-commercial-et-entreprise-andorre\/#primaryimage"},"thumbnailUrl":"https:\/\/www.elisabetroyuela.com\/wp-content\/uploads\/2024\/03\/Dret_igualtat_1.jpg","datePublished":"2023-06-13T08:45:45+00:00","dateModified":"2024-07-08T18:08:10+00:00","breadcrumb":{"@id":"https:\/\/www.elisabetroyuela.com\/fr\/conseil-commercial-et-entreprise-andorre\/#breadcrumb"},"inLanguage":"fr-FR","potentialAction":[{"@type":"ReadAction","target":["https:\/\/www.elisabetroyuela.com\/fr\/conseil-commercial-et-entreprise-andorre\/"]}]},{"@type":"ImageObject","inLanguage":"fr-FR","@id":"https:\/\/www.elisabetroyuela.com\/fr\/conseil-commercial-et-entreprise-andorre\/#primaryimage","url":"https:\/\/www.elisabetroyuela.com\/wp-content\/uploads\/2024\/03\/Dret_igualtat_1.jpg","contentUrl":"https:\/\/www.elisabetroyuela.com\/wp-content\/uploads\/2024\/03\/Dret_igualtat_1.jpg"},{"@type":"BreadcrumbList","@id":"https:\/\/www.elisabetroyuela.com\/fr\/conseil-commercial-et-entreprise-andorre\/#breadcrumb","itemListElement":[{"@type":"ListItem","position":1,"name":"Inici","item":"https:\/\/www.elisabetroyuela.com\/fr\/"},{"@type":"ListItem","position":2,"name":"Conseil Commercial et Entreprise en Andorre"}]},{"@type":"WebSite","@id":"https:\/\/www.elisabetroyuela.com\/#website","url":"https:\/\/www.elisabetroyuela.com\/","name":"Elisabet Royuela | Advocada a Andorra","description":"Estudi jur\u00eddic especialitzat en igualtat i finances","publisher":{"@id":"https:\/\/www.elisabetroyuela.com\/#organization"},"potentialAction":[{"@type":"SearchAction","target":{"@type":"EntryPoint","urlTemplate":"https:\/\/www.elisabetroyuela.com\/?s={search_term_string}"},"query-input":"required name=search_term_string"}],"inLanguage":"fr-FR"},{"@type":"Organization","@id":"https:\/\/www.elisabetroyuela.com\/#organization","name":"Elisabet Royuela | Avocate en Andorre","url":"https:\/\/www.elisabetroyuela.com\/","logo":{"@type":"ImageObject","inLanguage":"fr-FR","@id":"https:\/\/www.elisabetroyuela.com\/#\/schema\/logo\/image\/","url":"https:\/\/www.elisabetroyuela.com\/wp-content\/uploads\/2023\/06\/Logo_transparent-1.png","contentUrl":"https:\/\/www.elisabetroyuela.com\/wp-content\/uploads\/2023\/06\/Logo_transparent-1.png","width":600,"height":180,"caption":"Elisabet Royuela | Avocate en Andorre"},"image":{"@id":"https:\/\/www.elisabetroyuela.com\/#\/schema\/logo\/image\/"},"sameAs":["https:\/\/www.linkedin.com\/in\/elisabeth-royuela-ampurdans-4a973b111"]}]}},"_links":{"self":[{"href":"https:\/\/www.elisabetroyuela.com\/fr\/wp-json\/wp\/v2\/pages\/838"}],"collection":[{"href":"https:\/\/www.elisabetroyuela.com\/fr\/wp-json\/wp\/v2\/pages"}],"about":[{"href":"https:\/\/www.elisabetroyuela.com\/fr\/wp-json\/wp\/v2\/types\/page"}],"author":[{"embeddable":true,"href":"https:\/\/www.elisabetroyuela.com\/fr\/wp-json\/wp\/v2\/users\/1"}],"replies":[{"embeddable":true,"href":"https:\/\/www.elisabetroyuela.com\/fr\/wp-json\/wp\/v2\/comments?post=838"}],"version-history":[{"count":2,"href":"https:\/\/www.elisabetroyuela.com\/fr\/wp-json\/wp\/v2\/pages\/838\/revisions"}],"predecessor-version":[{"id":938,"href":"https:\/\/www.elisabetroyuela.com\/fr\/wp-json\/wp\/v2\/pages\/838\/revisions\/938"}],"wp:attachment":[{"href":"https:\/\/www.elisabetroyuela.com\/fr\/wp-json\/wp\/v2\/media?parent=838"}],"curies":[{"name":"wp","href":"https:\/\/api.w.org\/{rel}","templated":true}]}}