{"id":832,"date":"2023-06-13T10:13:12","date_gmt":"2023-06-13T08:13:12","guid":{"rendered":"https:\/\/www.elisabetroyuela.com\/accueil\/"},"modified":"2024-07-29T11:58:09","modified_gmt":"2024-07-29T09:58:09","slug":"accueil","status":"publish","type":"page","link":"https:\/\/www.elisabetroyuela.com\/fr\/","title":{"rendered":"Accueil"},"content":{"rendered":"\t\t<div data-elementor-type=\"wp-post\" data-elementor-id=\"832\" class=\"elementor elementor-832 elementor-24\" data-elementor-post-type=\"page\">\n\t\t\t\t<div class=\"elementor-element elementor-element-9a2f7fb e-con-full e-flex e-con e-parent\" data-id=\"9a2f7fb\" data-element_type=\"container\" data-e-type=\"container\">\n\t\t\t\t<div class=\"elementor-element elementor-element-5c28a1f elementor-widget__width-inherit elementor--h-position-center elementor--v-position-middle elementor-arrows-position-inside elementor-pagination-position-inside elementor-widget elementor-widget-slides\" data-id=\"5c28a1f\" data-element_type=\"widget\" data-e-type=\"widget\" data-settings=\"{&quot;navigation&quot;:&quot;both&quot;,&quot;autoplay&quot;:&quot;yes&quot;,&quot;pause_on_hover&quot;:&quot;yes&quot;,&quot;pause_on_interaction&quot;:&quot;yes&quot;,&quot;autoplay_speed&quot;:5000,&quot;infinite&quot;:&quot;yes&quot;,&quot;transition&quot;:&quot;slide&quot;,&quot;transition_speed&quot;:500}\" data-widget_type=\"slides.default\">\n\t\t\t\t<div class=\"elementor-widget-container\">\n\t\t\t\t\t\t\t\t\t<div class=\"elementor-swiper\">\n\t\t\t\t\t<div class=\"elementor-slides-wrapper elementor-main-swiper swiper\" role=\"region\" aria-roledescription=\"carousel\" aria-label=\"Diapositives\" dir=\"ltr\" data-animation=\"fadeInUp\">\n\t\t\t\t<div class=\"swiper-wrapper elementor-slides\">\n\t\t\t\t\t\t\t\t\t\t<div class=\"elementor-repeater-item-dbfb037 swiper-slide\" role=\"group\" aria-roledescription=\"slide\"><div class=\"swiper-slide-bg\" role=\"img\" aria-label=\"advocat a andorra\"><\/div><div class=\"swiper-slide-inner\" ><div class=\"swiper-slide-contents\"><div class=\"elementor-slide-heading\">Elisabet Royuela<\/div><div class=\"elementor-slide-description\"><p>Cabinet juridique sp\u00e9cialis\u00e9e en \u00e9galit\u00e9 et finance en Andorre<\/p>\n<\/div><\/div><\/div><\/div>\t\t\t\t<\/div>\n\t\t\t\t\t\t\t<\/div>\n\t\t\t\t<\/div>\n\t\t\t\t\t\t\t\t<\/div>\n\t\t\t\t<\/div>\n\t\t\t\t<\/div>\n\t\t<div class=\"elementor-element elementor-element-025efbe e-flex e-con-boxed e-con e-parent\" data-id=\"025efbe\" data-element_type=\"container\" data-e-type=\"container\">\n\t\t\t\t\t<div class=\"e-con-inner\">\n\t\t\t\t<div class=\"elementor-element elementor-element-db2bb4a elementor-widget elementor-widget-heading\" data-id=\"db2bb4a\" data-element_type=\"widget\" data-e-type=\"widget\" data-widget_type=\"heading.default\">\n\t\t\t\t<div class=\"elementor-widget-container\">\n\t\t\t\t\t<h1 class=\"elementor-heading-title elementor-size-default\">Avocate en Andorre | Estudi jur\u00eddic<\/h1>\t\t\t\t<\/div>\n\t\t\t\t<\/div>\n\t\t\t\t\t<\/div>\n\t\t\t\t<\/div>\n\t\t<div class=\"elementor-element elementor-element-8d825b9 e-flex e-con-boxed e-con e-parent\" data-id=\"8d825b9\" data-element_type=\"container\" data-e-type=\"container\">\n\t\t\t\t\t<div class=\"e-con-inner\">\n\t\t\t\t<div class=\"elementor-element elementor-element-7d92d0b elementor-widget elementor-widget-text-editor\" data-id=\"7d92d0b\" data-element_type=\"widget\" data-e-type=\"widget\" data-widget_type=\"text-editor.default\">\n\t\t\t\t<div class=\"elementor-widget-container\">\n\t\t\t\t\t\t\t\t\t<p style=\"text-align: justify;\">Bienvenue chez ESTUDI JUR\u00cdDIC, un cabinet juridique d\u00e9di\u00e9 \u00e0 la fourniture de services professionnels personnalis\u00e9s et de qualit\u00e9 depuis 2023. Avec une trajectoire professionnelle dans le domaine juridique remontant \u00e0 2001, j&rsquo;assume la direction de ce projet passionnant avec pour objectif d&rsquo;offrir des solutions juridiques compl\u00e8tes \u00e0 nos clients.<\/p><p style=\"text-align: justify;\">Chez ESTUDI JUR\u00cdDIC, nous nous engageons \u00e0 fournir des <a href=\"https:\/\/www.elisabetroyuela.com\/fr\/conseil-et-consultance-en-egalite-andorre\/\"><b>services de conseil et d&rsquo;assistance juridique<\/b><\/a> dans divers domaines du droit, en particulier commercial et civil, ainsi que la repr\u00e9sentation juridique dans les processus judiciaires. Notre philosophie se concentre sur une attention centr\u00e9e sur le client, en comprenant et en r\u00e9pondant efficacement \u00e0 ses besoins.<\/p><p style=\"text-align: justify;\">Avec une vaste exp\u00e9rience professionnelle et personnelle, nous sommes en mesure d&rsquo;offrir des <a href=\"https:\/\/www.elisabetroyuela.com\/fr\/conseil-commercial-et-entreprise-andorre\/\"><b>conseils aux entreprises<\/b><\/a> et aux particuliers. Notre approche est bas\u00e9e sur une compr\u00e9hension approfondie des probl\u00e8mes juridiques de nos clients et la recherche des meilleures solutions pour eux.<\/p><p style=\"text-align: justify;\">ESTUDI JUR\u00cdDIC repr\u00e9sente une nouvelle \u00e9tape, un nouveau chapitre professionnel dans le domaine juridique, appliqu\u00e9 avec une grande passion.<\/p><p style=\"text-align: justify;\">Je vous invite \u00e0 explorer notre site web et \u00e0 d\u00e9couvrir comment nous pouvons vous aider \u00e0 r\u00e9soudre vos probl\u00e8mes juridiques avec efficacit\u00e9 et engagement. Nous sommes l\u00e0 pour vous, pour faire face \u00e0 vos d\u00e9fis juridiques et trouver ensemble la meilleure solution possible.<\/p>\t\t\t\t\t\t\t\t<\/div>\n\t\t\t\t<\/div>\n\t\t\t\t\t<\/div>\n\t\t\t\t<\/div>\n\t\t\t\t<\/div>\n\t\t","protected":false},"excerpt":{"rendered":"<p>Elisabet Royuela Cabinet juridique sp\u00e9cialis\u00e9e en \u00e9galit\u00e9 et finance en Andorre Avocate en Andorre | Estudi jur\u00eddic Bienvenue chez ESTUDI JUR\u00cdDIC, un cabinet juridique d\u00e9di\u00e9 \u00e0 la fourniture de services professionnels personnalis\u00e9s et de qualit\u00e9 depuis 2023. Avec une trajectoire professionnelle dans le domaine juridique remontant \u00e0 2001, j&rsquo;assume la direction de ce projet passionnant [&hellip;]<\/p>\n","protected":false},"author":1,"featured_media":0,"parent":0,"menu_order":0,"comment_status":"closed","ping_status":"closed","template":"","meta":{"site-sidebar-layout":"no-sidebar","site-content-layout":"page-builder","ast-site-content-layout":"full-width-container","site-content-style":"unboxed","site-sidebar-style":"unboxed","ast-global-header-display":"","ast-banner-title-visibility":"","ast-main-header-display":"","ast-hfb-above-header-display":"","ast-hfb-below-header-display":"","ast-hfb-mobile-header-display":"","site-post-title":"disabled","ast-breadcrumbs-content":"","ast-featured-img":"disabled","footer-sml-layout":"","ast-disable-related-posts":"","theme-transparent-header-meta":"","adv-header-id-meta":"","stick-header-meta":"","header-above-stick-meta":"","header-main-stick-meta":"","header-below-stick-meta":"","astra-migrate-meta-layouts":"set","ast-page-background-enabled":"default","ast-page-background-meta":{"desktop":{"background-color":"var(--ast-global-color-4)","background-image":"","background-repeat":"repeat","background-position":"center center","background-size":"auto","background-attachment":"scroll","background-type":"","background-media":"","overlay-type":"","overlay-color":"","overlay-opacity":"","overlay-gradient":""},"tablet":{"background-color":"","background-image":"","background-repeat":"repeat","background-position":"center center","background-size":"auto","background-attachment":"scroll","background-type":"","background-media":"","overlay-type":"","overlay-color":"","overlay-opacity":"","overlay-gradient":""},"mobile":{"background-color":"","background-image":"","background-repeat":"repeat","background-position":"center center","background-size":"auto","background-attachment":"scroll","background-type":"","background-media":"","overlay-type":"","overlay-color":"","overlay-opacity":"","overlay-gradient":""}},"ast-content-background-meta":{"desktop":{"background-color":"var(--ast-global-color-5)","background-image":"","background-repeat":"repeat","background-position":"center center","background-size":"auto","background-attachment":"scroll","background-type":"","background-media":"","overlay-type":"","overlay-color":"","overlay-opacity":"","overlay-gradient":""},"tablet":{"background-color":"var(--ast-global-color-5)","background-image":"","background-repeat":"repeat","background-position":"center center","background-size":"auto","background-attachment":"scroll","background-type":"","background-media":"","overlay-type":"","overlay-color":"","overlay-opacity":"","overlay-gradient":""},"mobile":{"background-color":"var(--ast-global-color-5)","background-image":"","background-repeat":"repeat","background-position":"center center","background-size":"auto","background-attachment":"scroll","background-type":"","background-media":"","overlay-type":"","overlay-color":"","overlay-opacity":"","overlay-gradient":""}},"footnotes":""},"class_list":["post-832","page","type-page","status-publish","hentry"],"yoast_head":"<!-- This site is optimized with the Yoast SEO plugin v27.4 - https:\/\/yoast.com\/product\/yoast-seo-wordpress\/ -->\n<title>Avocate en Andorre sp\u00e9cialis\u00e9 en finance, egalit\u00e9 femmes-hommes<\/title>\n<meta name=\"description\" content=\"Avocat en Andorre sp\u00e9cialis\u00e9 dans le syst\u00e8me financier, les soci\u00e9t\u00e9s successorales, les proc\u00e9dures contentieuses et la d\u00e9fense de l&#039;\u00e9galit\u00e9.\" \/>\n<meta name=\"robots\" content=\"index, follow, max-snippet:-1, max-image-preview:large, max-video-preview:-1\" \/>\n<link rel=\"canonical\" href=\"https:\/\/www.elisabetroyuela.com\/fr\/\" \/>\n<meta property=\"og:locale\" content=\"fr_FR\" \/>\n<meta property=\"og:type\" content=\"article\" \/>\n<meta property=\"og:title\" content=\"Avocate en Andorre sp\u00e9cialis\u00e9 en finance, egalit\u00e9 femmes-hommes\" \/>\n<meta property=\"og:description\" content=\"Avocat en Andorre sp\u00e9cialis\u00e9 dans le syst\u00e8me financier, les soci\u00e9t\u00e9s successorales, les proc\u00e9dures contentieuses et la d\u00e9fense de l&#039;\u00e9galit\u00e9.\" \/>\n<meta property=\"og:url\" content=\"https:\/\/www.elisabetroyuela.com\/fr\/\" \/>\n<meta property=\"og:site_name\" content=\"Elisabet Royuela | Avocate en Andorre\" \/>\n<meta property=\"article:modified_time\" content=\"2024-07-29T09:58:09+00:00\" \/>\n<meta name=\"twitter:card\" content=\"summary_large_image\" \/>\n<meta name=\"twitter:label1\" content=\"Dur\u00e9e de lecture estim\u00e9e\" \/>\n\t<meta name=\"twitter:data1\" content=\"2 minutes\" \/>\n<script type=\"application\/ld+json\" class=\"yoast-schema-graph\">{\"@context\":\"https:\\\/\\\/schema.org\",\"@graph\":[{\"@type\":\"WebPage\",\"@id\":\"https:\\\/\\\/www.elisabetroyuela.com\\\/fr\\\/\",\"url\":\"https:\\\/\\\/www.elisabetroyuela.com\\\/fr\\\/\",\"name\":\"Avocate en Andorre sp\u00e9cialis\u00e9 en finance, egalit\u00e9 femmes-hommes\",\"isPartOf\":{\"@id\":\"https:\\\/\\\/www.elisabetroyuela.com\\\/#website\"},\"datePublished\":\"2023-06-13T08:13:12+00:00\",\"dateModified\":\"2024-07-29T09:58:09+00:00\",\"description\":\"Avocat en Andorre sp\u00e9cialis\u00e9 dans le syst\u00e8me financier, les soci\u00e9t\u00e9s successorales, les proc\u00e9dures contentieuses et la d\u00e9fense de l'\u00e9galit\u00e9.\",\"breadcrumb\":{\"@id\":\"https:\\\/\\\/www.elisabetroyuela.com\\\/fr\\\/#breadcrumb\"},\"inLanguage\":\"fr-FR\",\"potentialAction\":[{\"@type\":\"ReadAction\",\"target\":[\"https:\\\/\\\/www.elisabetroyuela.com\\\/fr\\\/\"]}]},{\"@type\":\"BreadcrumbList\",\"@id\":\"https:\\\/\\\/www.elisabetroyuela.com\\\/fr\\\/#breadcrumb\",\"itemListElement\":[{\"@type\":\"ListItem\",\"position\":1,\"name\":\"Inici\",\"item\":\"https:\\\/\\\/www.elisabetroyuela.com\\\/fr\\\/\"},{\"@type\":\"ListItem\",\"position\":2,\"name\":\"Accueil\"}]},{\"@type\":\"WebSite\",\"@id\":\"https:\\\/\\\/www.elisabetroyuela.com\\\/#website\",\"url\":\"https:\\\/\\\/www.elisabetroyuela.com\\\/\",\"name\":\"Elisabet Royuela | Advocada a Andorra\",\"description\":\"Estudi jur\u00eddic especialitzat en igualtat i finances\",\"publisher\":{\"@id\":\"https:\\\/\\\/www.elisabetroyuela.com\\\/#organization\"},\"potentialAction\":[{\"@type\":\"SearchAction\",\"target\":{\"@type\":\"EntryPoint\",\"urlTemplate\":\"https:\\\/\\\/www.elisabetroyuela.com\\\/?s={search_term_string}\"},\"query-input\":{\"@type\":\"PropertyValueSpecification\",\"valueRequired\":true,\"valueName\":\"search_term_string\"}}],\"inLanguage\":\"fr-FR\"},{\"@type\":\"Organization\",\"@id\":\"https:\\\/\\\/www.elisabetroyuela.com\\\/#organization\",\"name\":\"Elisabet Royuela | Avocate en Andorre\",\"url\":\"https:\\\/\\\/www.elisabetroyuela.com\\\/\",\"logo\":{\"@type\":\"ImageObject\",\"inLanguage\":\"fr-FR\",\"@id\":\"https:\\\/\\\/www.elisabetroyuela.com\\\/#\\\/schema\\\/logo\\\/image\\\/\",\"url\":\"https:\\\/\\\/www.elisabetroyuela.com\\\/wp-content\\\/uploads\\\/2023\\\/06\\\/Logo_transparent-1.png\",\"contentUrl\":\"https:\\\/\\\/www.elisabetroyuela.com\\\/wp-content\\\/uploads\\\/2023\\\/06\\\/Logo_transparent-1.png\",\"width\":600,\"height\":180,\"caption\":\"Elisabet Royuela | Avocate en Andorre\"},\"image\":{\"@id\":\"https:\\\/\\\/www.elisabetroyuela.com\\\/#\\\/schema\\\/logo\\\/image\\\/\"},\"sameAs\":[\"https:\\\/\\\/www.linkedin.com\\\/in\\\/elisabeth-royuela-ampurdans-4a973b111\"]}]}<\/script>\n<!-- \/ Yoast SEO plugin. -->","yoast_head_json":{"title":"Avocate en Andorre sp\u00e9cialis\u00e9 en finance, egalit\u00e9 femmes-hommes","description":"Avocat en Andorre sp\u00e9cialis\u00e9 dans le syst\u00e8me financier, les soci\u00e9t\u00e9s successorales, les proc\u00e9dures contentieuses et la d\u00e9fense de l'\u00e9galit\u00e9.","robots":{"index":"index","follow":"follow","max-snippet":"max-snippet:-1","max-image-preview":"max-image-preview:large","max-video-preview":"max-video-preview:-1"},"canonical":"https:\/\/www.elisabetroyuela.com\/fr\/","og_locale":"fr_FR","og_type":"article","og_title":"Avocate en Andorre sp\u00e9cialis\u00e9 en finance, egalit\u00e9 femmes-hommes","og_description":"Avocat en Andorre sp\u00e9cialis\u00e9 dans le syst\u00e8me financier, les soci\u00e9t\u00e9s successorales, les proc\u00e9dures contentieuses et la d\u00e9fense de l'\u00e9galit\u00e9.","og_url":"https:\/\/www.elisabetroyuela.com\/fr\/","og_site_name":"Elisabet Royuela | Avocate en Andorre","article_modified_time":"2024-07-29T09:58:09+00:00","twitter_card":"summary_large_image","twitter_misc":{"Dur\u00e9e de lecture estim\u00e9e":"2 minutes"},"schema":{"@context":"https:\/\/schema.org","@graph":[{"@type":"WebPage","@id":"https:\/\/www.elisabetroyuela.com\/fr\/","url":"https:\/\/www.elisabetroyuela.com\/fr\/","name":"Avocate en Andorre sp\u00e9cialis\u00e9 en finance, egalit\u00e9 femmes-hommes","isPartOf":{"@id":"https:\/\/www.elisabetroyuela.com\/#website"},"datePublished":"2023-06-13T08:13:12+00:00","dateModified":"2024-07-29T09:58:09+00:00","description":"Avocat en Andorre sp\u00e9cialis\u00e9 dans le syst\u00e8me financier, les soci\u00e9t\u00e9s successorales, les proc\u00e9dures contentieuses et la d\u00e9fense de l'\u00e9galit\u00e9.","breadcrumb":{"@id":"https:\/\/www.elisabetroyuela.com\/fr\/#breadcrumb"},"inLanguage":"fr-FR","potentialAction":[{"@type":"ReadAction","target":["https:\/\/www.elisabetroyuela.com\/fr\/"]}]},{"@type":"BreadcrumbList","@id":"https:\/\/www.elisabetroyuela.com\/fr\/#breadcrumb","itemListElement":[{"@type":"ListItem","position":1,"name":"Inici","item":"https:\/\/www.elisabetroyuela.com\/fr\/"},{"@type":"ListItem","position":2,"name":"Accueil"}]},{"@type":"WebSite","@id":"https:\/\/www.elisabetroyuela.com\/#website","url":"https:\/\/www.elisabetroyuela.com\/","name":"Elisabet Royuela | Advocada a Andorra","description":"Estudi jur\u00eddic especialitzat en igualtat i finances","publisher":{"@id":"https:\/\/www.elisabetroyuela.com\/#organization"},"potentialAction":[{"@type":"SearchAction","target":{"@type":"EntryPoint","urlTemplate":"https:\/\/www.elisabetroyuela.com\/?s={search_term_string}"},"query-input":{"@type":"PropertyValueSpecification","valueRequired":true,"valueName":"search_term_string"}}],"inLanguage":"fr-FR"},{"@type":"Organization","@id":"https:\/\/www.elisabetroyuela.com\/#organization","name":"Elisabet Royuela | Avocate en Andorre","url":"https:\/\/www.elisabetroyuela.com\/","logo":{"@type":"ImageObject","inLanguage":"fr-FR","@id":"https:\/\/www.elisabetroyuela.com\/#\/schema\/logo\/image\/","url":"https:\/\/www.elisabetroyuela.com\/wp-content\/uploads\/2023\/06\/Logo_transparent-1.png","contentUrl":"https:\/\/www.elisabetroyuela.com\/wp-content\/uploads\/2023\/06\/Logo_transparent-1.png","width":600,"height":180,"caption":"Elisabet Royuela | Avocate en Andorre"},"image":{"@id":"https:\/\/www.elisabetroyuela.com\/#\/schema\/logo\/image\/"},"sameAs":["https:\/\/www.linkedin.com\/in\/elisabeth-royuela-ampurdans-4a973b111"]}]}},"_links":{"self":[{"href":"https:\/\/www.elisabetroyuela.com\/fr\/wp-json\/wp\/v2\/pages\/832","targetHints":{"allow":["GET"]}}],"collection":[{"href":"https:\/\/www.elisabetroyuela.com\/fr\/wp-json\/wp\/v2\/pages"}],"about":[{"href":"https:\/\/www.elisabetroyuela.com\/fr\/wp-json\/wp\/v2\/types\/page"}],"author":[{"embeddable":true,"href":"https:\/\/www.elisabetroyuela.com\/fr\/wp-json\/wp\/v2\/users\/1"}],"replies":[{"embeddable":true,"href":"https:\/\/www.elisabetroyuela.com\/fr\/wp-json\/wp\/v2\/comments?post=832"}],"version-history":[{"count":20,"href":"https:\/\/www.elisabetroyuela.com\/fr\/wp-json\/wp\/v2\/pages\/832\/revisions"}],"predecessor-version":[{"id":1012,"href":"https:\/\/www.elisabetroyuela.com\/fr\/wp-json\/wp\/v2\/pages\/832\/revisions\/1012"}],"wp:attachment":[{"href":"https:\/\/www.elisabetroyuela.com\/fr\/wp-json\/wp\/v2\/media?parent=832"}],"curies":[{"name":"wp","href":"https:\/\/api.w.org\/{rel}","templated":true}]}}