{"id":892,"date":"2023-06-13T18:38:40","date_gmt":"2023-06-13T16:38:40","guid":{"rendered":"https:\/\/www.elisabetroyuela.com\/politica-de-privacidad\/"},"modified":"2024-07-04T10:38:35","modified_gmt":"2024-07-04T08:38:35","slug":"politica-de-privacidad","status":"publish","type":"page","link":"https:\/\/www.elisabetroyuela.com\/es\/politica-de-privacidad\/","title":{"rendered":"Pol\u00edtica de privacidad"},"content":{"rendered":"\t\t<div data-elementor-type=\"wp-page\" data-elementor-id=\"892\" class=\"elementor elementor-892 elementor-382\" data-elementor-post-type=\"page\">\n\t\t\t\t<div class=\"elementor-element elementor-element-39b8efe e-flex e-con-boxed e-con e-parent\" data-id=\"39b8efe\" data-element_type=\"container\" data-settings=\"{&quot;background_background&quot;:&quot;gradient&quot;}\">\n\t\t\t\t\t<div class=\"e-con-inner\">\n\t\t\t\t\t<\/div>\n\t\t\t\t<\/div>\n\t\t<div class=\"elementor-element elementor-element-21080dd e-flex e-con-boxed e-con e-parent\" data-id=\"21080dd\" data-element_type=\"container\">\n\t\t\t\t\t<div class=\"e-con-inner\">\n\t\t<div class=\"elementor-element elementor-element-b00b2c4 e-flex e-con-boxed e-con e-child\" data-id=\"b00b2c4\" data-element_type=\"container\">\n\t\t\t\t\t<div class=\"e-con-inner\">\n\t\t<div class=\"elementor-element elementor-element-f6704de e-flex e-con-boxed e-con e-child\" data-id=\"f6704de\" data-element_type=\"container\">\n\t\t\t\t\t<div class=\"e-con-inner\">\n\t\t\t\t<div class=\"elementor-element elementor-element-4d3f681 elementor-widget elementor-widget-text-editor\" data-id=\"4d3f681\" data-element_type=\"widget\" data-widget_type=\"text-editor.default\">\n\t\t\t\t<div class=\"elementor-widget-container\">\n\t\t\t<style>\/*! elementor - v3.21.0 - 18-04-2024 *\/\n.elementor-widget-text-editor.elementor-drop-cap-view-stacked .elementor-drop-cap{background-color:#69727d;color:#fff}.elementor-widget-text-editor.elementor-drop-cap-view-framed .elementor-drop-cap{color:#69727d;border:3px solid;background-color:transparent}.elementor-widget-text-editor:not(.elementor-drop-cap-view-default) .elementor-drop-cap{margin-top:8px}.elementor-widget-text-editor:not(.elementor-drop-cap-view-default) .elementor-drop-cap-letter{width:1em;height:1em}.elementor-widget-text-editor .elementor-drop-cap{float:left;text-align:center;line-height:1;font-size:50px}.elementor-widget-text-editor .elementor-drop-cap-letter{display:inline-block}<\/style>\t\t\t\t<p>ELIZABETH ROYUELA AMPURDAN\u00c9S \u2013 ESTUDI JUR\u00cdDIC es compromet a protegir la vostra privacitat i desenvolupar la tecnologia que us proporcioni l\u2019experie\u0300ncia me\u0301s segura a la plana web. Aquesta declaracio\u0301 de privacitat e\u0301s va\u0300lida per la plana web www.elisabetroyuela.com i regula la recollida i l\u2019u\u0301s de dades.<\/p>\n<p>Acceptant les poli\u0301tiques de privacitat, consentiu a les pra\u0300ctiques descrites en aquesta declaracio\u0301. <\/p>\n<p><strong>Qui e\u0301s el responsable de les dades?<\/strong> <br \/>L&#8217;informem que qualsevol dada personal que voste\u0300 faciliti a trave\u0301s d&#8217;aquest lloc web sera\u0300 tractat per ELIZABETH ROYUELA AMPURDAN\u00c9S \u2013 ESTUDI JUR\u00cdDIC en qualitat de responsable del tractament.<\/p>\n<p>ELIZABETH ROYUELA AMPURDAN\u00c9S \u2013 ESTUDI JUR\u00cdDIC<br \/>Amb domicili a la Crta. De La Comella<br \/>Urb. Comella Parc, Fase 2, casa 6<br \/>Andorra la Vella<\/p>\n<p><strong>Quines dades recollim?<\/strong> <br \/>En compliment del que requereix la Llei 29\/2021, de 28 d\u2019octubre, qualificada de Proteccio\u0301 de Dades Personals (en endavant, \u00abLQDP\u00bb), i amb els reglaments que la desenvolupen, s&#8217;informa als usuaris d&#8217;aquest lloc web que les dades que es tractaran ser\u00e1n exclusivamente les seg\u00fcents:<br \/>\u2022 Dades identificatives: nom, cognom, adre\u00e7a postal, adre\u00e7a de correu electr\u00f2nic, codi postal i tel\u00e8fon.<br \/>\u2022 Dades acad\u00e8miques i professionals: formaci\u00f3, titulacions, historial acad\u00e8mic, experi\u00e8ncia professional, pertinen\u00e7a a col\u00b7legis o associacions professionals, si ens remeteu per algun mitj\u00e0 el vostre C-V<\/p>\n<p>ELIZABETH ROYUELA AMPURDAN\u00c9S \u2013 ESTUDI JUR\u00cdDIC podra\u0300 tractar les seves dades personals per a les finalitats descrites a continuacio\u0301 sempre que voste\u0300 en consenteixi part o la seva totalitat:<\/p>\n<p>\u2022 Gestionar les seves sol\u00b7licituds d\u2019informaci\u00f3, consulta o reclamacions, incloent tots els tr\u00e0mits i\/o procediments necessaris per tramitar la referida sol\u00b7licitud.<br \/>\u2022 En els sup\u00f2sits que ens remeti el seu CV o s\u2019inscrigui en les diferents ofertes de treball que puguem publicar, tractarem les seves dades personals amb la finalitat de valorar i gestionar la seva sol\u00b7licitud de treball i en el seu cas, dur a terme les actuacions necess\u00e0ries per la selecci\u00f3 i contractaci\u00f3 de personal.<\/p>\n<p>ELIZABETH ROYUELA AMPURDAN\u00c9S \u2013 ESTUDI JUR\u00cdDIC conservara\u0300 les seves dades personals el temps necessari per a les finalitats descrites me\u0301s amunt. En cas que hi hagi una legislacio\u0301 que obligui a ELIZABETH ROYUELA AMPURDAN\u00c9S \u2013 ESTUDI JUR\u00cdDIC a conservar les seves dades personals ELIZABETH ROYUELA AMPURDAN\u00c9S \u2013 ESTUDI JUR\u00cdDIC conservara\u0300 les seves dades personals durant dit peri\u0301ode addicional pero\u0300 les mateixes seran bloquejades i nome\u0301s es tractaran per garantir-ne la conservacio\u0301. Finalitzats aquests terminis, les dades personals seran suprimides.<\/p>\n<p><strong>A qui passarem les vostres dades?<\/strong> <br \/>Per norma general, les vostres dades no es passaran a tercers si no comptem amb el vostre consentiment expre\u0301s per a fer-ho.<\/p>\n<p><strong>Passarem les vostres dades a pai\u0308sos fora d\u2019Andorra?<br \/><\/strong>No<\/p>\n<p><strong>De quins drets disposeu?<\/strong> <br \/>En compliment de la LQPD, i els seus reglaments de desenvolupament, ELIZABETH ROYUELA AMPURDAN\u00c9S \u2013 ESTUDI JUR\u00cdDIC li informa que disposeu dels drets d&#8217;acce\u0301s, rectificacio\u0301, limitacio\u0301 del tractament, portabilitat, supressio\u0301 i oposicio\u0301 de les seves dades personals, reconeguts en l&#8217;esmentada normativa. Per tal d\u2019exercir-los voste\u0300 haura\u0300 d&#8217;enviar una comunicacio\u0301 escrita i signada a l&#8217;adrec\u0327a de correu electro\u0300nic era@elisabetroyuela.com a la qual haura\u0300 d&#8217;adjuntar una co\u0300pia del seu passaport o un altre document nacional d&#8217;identitat.<\/p>\n<p>Davant de qualsevol vulneracio\u0301 dels seus drets, especialment quan voste\u0300 no hagi obtingut satisfaccio\u0301 en el seu exercici, pot presentar una reclamacio\u0301 davant l\u2019Age\u0300ncia Andorrana de Proteccio\u0301 de Dades. Tambe\u0301 pot obtenir me\u0301s informacio\u0301 sobre els drets que l&#8217;assisteixen dirigint-se a aquests organismes. <\/p>\n<p><strong>Puc retirar el meu consentiment?<\/strong> <br \/>El consentiment donat per a alguna finalitat especi\u0301fica pot ser retirat en qualsevol moment, sense que aixo\u0300 afecti la licitud del tractament basat en el consentiment previ a la seva retirada. En aquests supo\u0300sits ELIZABETH ROYUELA AMPURDAN\u00c9S \u2013 ESTUDI JUR\u00cdDIC deixara\u0300 de tractar les dades personals o, si s&#8217;escau, deixara\u0300 de fer-ho per a aquesta finalitat en concret, excepte per motius legi\u0301tims imperiosos, o l&#8217;exercici o la defensa de possibles reclamacions.<\/p>\n<p><strong>Amb quines mesures de seguretat protegirem les vostres dades?<\/strong> <br \/>ELIZABETH ROYUELA AMPURDAN\u00c9S \u2013 ESTUDI JUR\u00cdDIC li garanteix que el tractament que portara\u0300 a terme de les seves dades personals esta\u0300 sotme\u0300s al me\u0301s estricte deure de confidencialitat, i que s&#8217;han establert les mesures necessa\u0300ries, tant te\u0300cniques com organitzatives, per a garantir la seguretat de les seves dades personals i evitar la seva alteracio\u0301, mal u\u0301s, pe\u0300rdua, robatori i tractament i \/ o acce\u0301s no autoritzat.<\/p>\n<p><strong>Possibles canvis en la poli\u0301tica de privacitat?<\/strong> <br \/>Aquesta poli\u0301tica de privacitat e\u0301s subjecta a eventuals canvis d&#8217;acord amb la legislacio\u0301 aplicable en cada moment. En tot cas, qualsevol modificacio\u0301 d&#8217;aquesta Poli\u0301tica de privacitat li sera\u0300 degudament notificada perque\u0300 voste\u0300 quedi informat dels canvis produi\u0308ts i pugui atorgar el seu consentiment expre\u0301s a aquests canvis.<\/p>\n\t\t\t\t\t\t<\/div>\n\t\t\t\t<\/div>\n\t\t\t\t\t<\/div>\n\t\t\t\t<\/div>\n\t\t\t\t\t<\/div>\n\t\t\t\t<\/div>\n\t\t\t\t\t<\/div>\n\t\t\t\t<\/div>\n\t\t\t\t<\/div>\n\t\t","protected":false},"excerpt":{"rendered":"<p>ELIZABETH ROYUELA AMPURDAN\u00c9S \u2013 ESTUDI JUR\u00cdDIC es compromet a protegir la vostra privacitat i desenvolupar la tecnologia que us proporcioni l\u2019experie\u0300ncia me\u0301s segura a la plana web. Aquesta declaracio\u0301 de privacitat e\u0301s va\u0300lida per la plana web www.elisabetroyuela.com i regula la recollida i l\u2019u\u0301s de dades. Acceptant les poli\u0301tiques de privacitat, consentiu a les pra\u0300ctiques [&hellip;]<\/p>\n","protected":false},"author":1,"featured_media":0,"parent":0,"menu_order":0,"comment_status":"closed","ping_status":"closed","template":"","meta":{"site-sidebar-layout":"no-sidebar","site-content-layout":"page-builder","ast-site-content-layout":"","site-content-style":"default","site-sidebar-style":"default","ast-global-header-display":"","ast-banner-title-visibility":"","ast-main-header-display":"","ast-hfb-above-header-display":"","ast-hfb-below-header-display":"","ast-hfb-mobile-header-display":"","site-post-title":"disabled","ast-breadcrumbs-content":"","ast-featured-img":"disabled","footer-sml-layout":"","theme-transparent-header-meta":"","adv-header-id-meta":"","stick-header-meta":"","header-above-stick-meta":"","header-main-stick-meta":"","header-below-stick-meta":"","astra-migrate-meta-layouts":"default","ast-page-background-enabled":"default","ast-page-background-meta":{"desktop":{"background-color":"var(--ast-global-color-4)","background-image":"","background-repeat":"repeat","background-position":"center center","background-size":"auto","background-attachment":"scroll","background-type":"","background-media":"","overlay-type":"","overlay-color":"","overlay-gradient":""},"tablet":{"background-color":"","background-image":"","background-repeat":"repeat","background-position":"center center","background-size":"auto","background-attachment":"scroll","background-type":"","background-media":"","overlay-type":"","overlay-color":"","overlay-gradient":""},"mobile":{"background-color":"","background-image":"","background-repeat":"repeat","background-position":"center center","background-size":"auto","background-attachment":"scroll","background-type":"","background-media":"","overlay-type":"","overlay-color":"","overlay-gradient":""}},"ast-content-background-meta":{"desktop":{"background-color":"var(--ast-global-color-5)","background-image":"","background-repeat":"repeat","background-position":"center center","background-size":"auto","background-attachment":"scroll","background-type":"","background-media":"","overlay-type":"","overlay-color":"","overlay-gradient":""},"tablet":{"background-color":"var(--ast-global-color-5)","background-image":"","background-repeat":"repeat","background-position":"center center","background-size":"auto","background-attachment":"scroll","background-type":"","background-media":"","overlay-type":"","overlay-color":"","overlay-gradient":""},"mobile":{"background-color":"var(--ast-global-color-5)","background-image":"","background-repeat":"repeat","background-position":"center center","background-size":"auto","background-attachment":"scroll","background-type":"","background-media":"","overlay-type":"","overlay-color":"","overlay-gradient":""}},"footnotes":""},"yoast_head":"<!-- This site is optimized with the Yoast SEO plugin v22.5 - https:\/\/yoast.com\/wordpress\/plugins\/seo\/ -->\n<title>Pol\u00edtica de privacidad - Elisabet Royuela | Abogada en Andorra<\/title>\n<meta name=\"robots\" content=\"index, follow, max-snippet:-1, max-image-preview:large, max-video-preview:-1\" \/>\n<link rel=\"canonical\" href=\"https:\/\/www.elisabetroyuela.com\/es\/politica-de-privacidad\/\" \/>\n<meta property=\"og:locale\" content=\"es_ES\" \/>\n<meta property=\"og:type\" content=\"article\" \/>\n<meta property=\"og:title\" content=\"Pol\u00edtica de privacidad - Elisabet Royuela | Abogada en Andorra\" \/>\n<meta property=\"og:description\" content=\"ELIZABETH ROYUELA AMPURDAN\u00c9S \u2013 ESTUDI JUR\u00cdDIC es compromet a protegir la vostra privacitat i desenvolupar la tecnologia que us proporcioni l\u2019experie\u0300ncia me\u0301s segura a la plana web. Aquesta declaracio\u0301 de privacitat e\u0301s va\u0300lida per la plana web www.elisabetroyuela.com i regula la recollida i l\u2019u\u0301s de dades. Acceptant les poli\u0301tiques de privacitat, consentiu a les pra\u0300ctiques [&hellip;]\" \/>\n<meta property=\"og:url\" content=\"https:\/\/www.elisabetroyuela.com\/es\/politica-de-privacidad\/\" \/>\n<meta property=\"og:site_name\" content=\"Elisabet Royuela | Abogada en Andorra\" \/>\n<meta property=\"article:modified_time\" content=\"2024-07-04T08:38:35+00:00\" \/>\n<meta name=\"twitter:card\" content=\"summary_large_image\" \/>\n<meta name=\"twitter:label1\" content=\"Tiempo de lectura\" \/>\n\t<meta name=\"twitter:data1\" content=\"4 minutos\" \/>\n<script type=\"application\/ld+json\" class=\"yoast-schema-graph\">{\"@context\":\"https:\/\/schema.org\",\"@graph\":[{\"@type\":\"WebPage\",\"@id\":\"https:\/\/www.elisabetroyuela.com\/es\/politica-de-privacidad\/\",\"url\":\"https:\/\/www.elisabetroyuela.com\/es\/politica-de-privacidad\/\",\"name\":\"Pol\u00edtica de privacidad - Elisabet Royuela | Abogada en Andorra\",\"isPartOf\":{\"@id\":\"https:\/\/www.elisabetroyuela.com\/#website\"},\"datePublished\":\"2023-06-13T16:38:40+00:00\",\"dateModified\":\"2024-07-04T08:38:35+00:00\",\"breadcrumb\":{\"@id\":\"https:\/\/www.elisabetroyuela.com\/es\/politica-de-privacidad\/#breadcrumb\"},\"inLanguage\":\"es\",\"potentialAction\":[{\"@type\":\"ReadAction\",\"target\":[\"https:\/\/www.elisabetroyuela.com\/es\/politica-de-privacidad\/\"]}]},{\"@type\":\"BreadcrumbList\",\"@id\":\"https:\/\/www.elisabetroyuela.com\/es\/politica-de-privacidad\/#breadcrumb\",\"itemListElement\":[{\"@type\":\"ListItem\",\"position\":1,\"name\":\"Inici\",\"item\":\"https:\/\/www.elisabetroyuela.com\/\"},{\"@type\":\"ListItem\",\"position\":2,\"name\":\"Pol\u00edtica de privacidad\"}]},{\"@type\":\"WebSite\",\"@id\":\"https:\/\/www.elisabetroyuela.com\/#website\",\"url\":\"https:\/\/www.elisabetroyuela.com\/\",\"name\":\"Elisabet Royuela | Advocada a Andorra\",\"description\":\"Estudi jur\u00eddic especialitzat en igualtat i finances\",\"publisher\":{\"@id\":\"https:\/\/www.elisabetroyuela.com\/#organization\"},\"potentialAction\":[{\"@type\":\"SearchAction\",\"target\":{\"@type\":\"EntryPoint\",\"urlTemplate\":\"https:\/\/www.elisabetroyuela.com\/?s={search_term_string}\"},\"query-input\":\"required name=search_term_string\"}],\"inLanguage\":\"es\"},{\"@type\":\"Organization\",\"@id\":\"https:\/\/www.elisabetroyuela.com\/#organization\",\"name\":\"Elisabet Royuela | Abogada en Andorra\",\"url\":\"https:\/\/www.elisabetroyuela.com\/\",\"logo\":{\"@type\":\"ImageObject\",\"inLanguage\":\"es\",\"@id\":\"https:\/\/www.elisabetroyuela.com\/#\/schema\/logo\/image\/\",\"url\":\"https:\/\/www.elisabetroyuela.com\/wp-content\/uploads\/2023\/06\/Logo_transparent-1.png\",\"contentUrl\":\"https:\/\/www.elisabetroyuela.com\/wp-content\/uploads\/2023\/06\/Logo_transparent-1.png\",\"width\":600,\"height\":180,\"caption\":\"Elisabet Royuela | Abogada en Andorra\"},\"image\":{\"@id\":\"https:\/\/www.elisabetroyuela.com\/#\/schema\/logo\/image\/\"},\"sameAs\":[\"https:\/\/www.linkedin.com\/in\/elisabeth-royuela-ampurdans-4a973b111\"]}]}<\/script>\n<!-- \/ Yoast SEO plugin. -->","yoast_head_json":{"title":"Pol\u00edtica de privacidad - Elisabet Royuela | Abogada en Andorra","robots":{"index":"index","follow":"follow","max-snippet":"max-snippet:-1","max-image-preview":"max-image-preview:large","max-video-preview":"max-video-preview:-1"},"canonical":"https:\/\/www.elisabetroyuela.com\/es\/politica-de-privacidad\/","og_locale":"es_ES","og_type":"article","og_title":"Pol\u00edtica de privacidad - Elisabet Royuela | Abogada en Andorra","og_description":"ELIZABETH ROYUELA AMPURDAN\u00c9S \u2013 ESTUDI JUR\u00cdDIC es compromet a protegir la vostra privacitat i desenvolupar la tecnologia que us proporcioni l\u2019experie\u0300ncia me\u0301s segura a la plana web. Aquesta declaracio\u0301 de privacitat e\u0301s va\u0300lida per la plana web www.elisabetroyuela.com i regula la recollida i l\u2019u\u0301s de dades. Acceptant les poli\u0301tiques de privacitat, consentiu a les pra\u0300ctiques [&hellip;]","og_url":"https:\/\/www.elisabetroyuela.com\/es\/politica-de-privacidad\/","og_site_name":"Elisabet Royuela | Abogada en Andorra","article_modified_time":"2024-07-04T08:38:35+00:00","twitter_card":"summary_large_image","twitter_misc":{"Tiempo de lectura":"4 minutos"},"schema":{"@context":"https:\/\/schema.org","@graph":[{"@type":"WebPage","@id":"https:\/\/www.elisabetroyuela.com\/es\/politica-de-privacidad\/","url":"https:\/\/www.elisabetroyuela.com\/es\/politica-de-privacidad\/","name":"Pol\u00edtica de privacidad - Elisabet Royuela | Abogada en Andorra","isPartOf":{"@id":"https:\/\/www.elisabetroyuela.com\/#website"},"datePublished":"2023-06-13T16:38:40+00:00","dateModified":"2024-07-04T08:38:35+00:00","breadcrumb":{"@id":"https:\/\/www.elisabetroyuela.com\/es\/politica-de-privacidad\/#breadcrumb"},"inLanguage":"es","potentialAction":[{"@type":"ReadAction","target":["https:\/\/www.elisabetroyuela.com\/es\/politica-de-privacidad\/"]}]},{"@type":"BreadcrumbList","@id":"https:\/\/www.elisabetroyuela.com\/es\/politica-de-privacidad\/#breadcrumb","itemListElement":[{"@type":"ListItem","position":1,"name":"Inici","item":"https:\/\/www.elisabetroyuela.com\/"},{"@type":"ListItem","position":2,"name":"Pol\u00edtica de privacidad"}]},{"@type":"WebSite","@id":"https:\/\/www.elisabetroyuela.com\/#website","url":"https:\/\/www.elisabetroyuela.com\/","name":"Elisabet Royuela | Advocada a Andorra","description":"Estudi jur\u00eddic especialitzat en igualtat i finances","publisher":{"@id":"https:\/\/www.elisabetroyuela.com\/#organization"},"potentialAction":[{"@type":"SearchAction","target":{"@type":"EntryPoint","urlTemplate":"https:\/\/www.elisabetroyuela.com\/?s={search_term_string}"},"query-input":"required name=search_term_string"}],"inLanguage":"es"},{"@type":"Organization","@id":"https:\/\/www.elisabetroyuela.com\/#organization","name":"Elisabet Royuela | Abogada en Andorra","url":"https:\/\/www.elisabetroyuela.com\/","logo":{"@type":"ImageObject","inLanguage":"es","@id":"https:\/\/www.elisabetroyuela.com\/#\/schema\/logo\/image\/","url":"https:\/\/www.elisabetroyuela.com\/wp-content\/uploads\/2023\/06\/Logo_transparent-1.png","contentUrl":"https:\/\/www.elisabetroyuela.com\/wp-content\/uploads\/2023\/06\/Logo_transparent-1.png","width":600,"height":180,"caption":"Elisabet Royuela | Abogada en Andorra"},"image":{"@id":"https:\/\/www.elisabetroyuela.com\/#\/schema\/logo\/image\/"},"sameAs":["https:\/\/www.linkedin.com\/in\/elisabeth-royuela-ampurdans-4a973b111"]}]}},"_links":{"self":[{"href":"https:\/\/www.elisabetroyuela.com\/es\/wp-json\/wp\/v2\/pages\/892"}],"collection":[{"href":"https:\/\/www.elisabetroyuela.com\/es\/wp-json\/wp\/v2\/pages"}],"about":[{"href":"https:\/\/www.elisabetroyuela.com\/es\/wp-json\/wp\/v2\/types\/page"}],"author":[{"embeddable":true,"href":"https:\/\/www.elisabetroyuela.com\/es\/wp-json\/wp\/v2\/users\/1"}],"replies":[{"embeddable":true,"href":"https:\/\/www.elisabetroyuela.com\/es\/wp-json\/wp\/v2\/comments?post=892"}],"version-history":[{"count":1,"href":"https:\/\/www.elisabetroyuela.com\/es\/wp-json\/wp\/v2\/pages\/892\/revisions"}],"predecessor-version":[{"id":893,"href":"https:\/\/www.elisabetroyuela.com\/es\/wp-json\/wp\/v2\/pages\/892\/revisions\/893"}],"wp:attachment":[{"href":"https:\/\/www.elisabetroyuela.com\/es\/wp-json\/wp\/v2\/media?parent=892"}],"curies":[{"name":"wp","href":"https:\/\/api.w.org\/{rel}","templated":true}]}}