{"id":850,"date":"2023-06-13T10:45:45","date_gmt":"2023-06-13T08:45:45","guid":{"rendered":"https:\/\/www.elisabetroyuela.com\/asesoramiento-y-consultoria-en-igualdad\/"},"modified":"2024-07-08T20:21:16","modified_gmt":"2024-07-08T18:21:16","slug":"asesoramiento-y-consultoria-en-igualdad-andorra","status":"publish","type":"page","link":"https:\/\/www.elisabetroyuela.com\/es\/asesoramiento-y-consultoria-en-igualdad-andorra\/","title":{"rendered":"Asesoramiento y Consultor\u00eda en Igualdad en Andorra"},"content":{"rendered":"\t\t<div data-elementor-type=\"wp-page\" data-elementor-id=\"850\" class=\"elementor elementor-850 elementor-481\" data-elementor-post-type=\"page\">\n\t\t\t\t<div class=\"elementor-element elementor-element-6d9fbf0 e-flex e-con-boxed e-con e-parent\" data-id=\"6d9fbf0\" data-element_type=\"container\" data-settings=\"{&quot;background_background&quot;:&quot;gradient&quot;}\">\n\t\t\t\t\t<div class=\"e-con-inner\">\n\t\t\t\t\t<\/div>\n\t\t\t\t<\/div>\n\t\t<div class=\"elementor-element elementor-element-6d3d479 e-flex e-con-boxed e-con e-parent\" data-id=\"6d3d479\" data-element_type=\"container\">\n\t\t\t\t\t<div class=\"e-con-inner\">\n\t\t\t\t<div class=\"elementor-element elementor-element-8dcb0a2 elementor-widget elementor-widget-text-editor\" data-id=\"8dcb0a2\" data-element_type=\"widget\" data-widget_type=\"text-editor.default\">\n\t\t\t\t<div class=\"elementor-widget-container\">\n\t\t\t<style>\/*! elementor - v3.21.0 - 18-04-2024 *\/\n.elementor-widget-text-editor.elementor-drop-cap-view-stacked .elementor-drop-cap{background-color:#69727d;color:#fff}.elementor-widget-text-editor.elementor-drop-cap-view-framed .elementor-drop-cap{color:#69727d;border:3px solid;background-color:transparent}.elementor-widget-text-editor:not(.elementor-drop-cap-view-default) .elementor-drop-cap{margin-top:8px}.elementor-widget-text-editor:not(.elementor-drop-cap-view-default) .elementor-drop-cap-letter{width:1em;height:1em}.elementor-widget-text-editor .elementor-drop-cap{float:left;text-align:center;line-height:1;font-size:50px}.elementor-widget-text-editor .elementor-drop-cap-letter{display:inline-block}<\/style>\t\t\t\t<p><b>Igualdad de G\u00e9nero y Protecci\u00f3n Legal<\/b><\/p>\n<div>Desde hace d\u00e9cadas, la lucha por la igualdad de g\u00e9nero ha sido un desaf\u00edo constante en todos los \u00e1mbitos de la vida. A lo largo de la historia, hemos presenciado avances significativos en la promoci\u00f3n de la igualdad y la erradicaci\u00f3n de la discriminaci\u00f3n basada en el g\u00e9nero. No obstante, a\u00fan enfrentamos desaf\u00edos persistentes que requieren una atenci\u00f3n continua y un compromiso renovado.<\/div>\n\t\t\t\t\t\t<\/div>\n\t\t\t\t<\/div>\n\t\t\t\t\t<\/div>\n\t\t\t\t<\/div>\n\t\t<div class=\"elementor-element elementor-element-db0a5cd e-flex e-con-boxed e-con e-parent\" data-id=\"db0a5cd\" data-element_type=\"container\">\n\t\t\t\t\t<div class=\"e-con-inner\">\n\t\t<div class=\"elementor-element elementor-element-400fe3f e-con-full e-flex e-con e-child\" data-id=\"400fe3f\" data-element_type=\"container\">\n\t\t\t\t<div class=\"elementor-element elementor-element-3b4fb70 elementor-widget elementor-widget-text-editor\" data-id=\"3b4fb70\" data-element_type=\"widget\" data-widget_type=\"text-editor.default\">\n\t\t\t\t<div class=\"elementor-widget-container\">\n\t\t\t\t\t\t\t<p>Mi pr\u00e1ctica legal se centra en proporcionar asesoramiento y representaci\u00f3n legal en casos de violencia de g\u00e9nero, violencia dom\u00e9stica, acoso sexual y discriminaci\u00f3n por raz\u00f3n de g\u00e9nero. Estos son temas sensibles y complejos que requieren un enfoque compasivo y emp\u00e1tico.<\/p>\n<p><span style=\"font-style: inherit; font-weight: inherit; color: var( --e-global-color-text ); font-family: var( --e-global-typography-text-font-family ), Sans-serif; text-align: var(--text-align); background-color: var(--ast-global-color-5);\">Entiendo la importancia de brindar un espacio seguro y de apoyo para aquellos que enfrentan estas situaciones. Mi objetivo es <\/span><span style=\"font-style: inherit; font-weight: inherit; color: var( --e-global-color-text ); font-family: var( --e-global-typography-text-font-family ), Sans-serif; text-align: var(--text-align); background-color: var(--ast-global-color-5);\">proporcionar una representaci\u00f3n legal s\u00f3lida y efectiva para garantizar la protecci\u00f3n y el bienestar de mis clientes.<\/span><\/p>\n<p><span style=\"text-align: var(--text-align); background-color: var(--ast-global-color-5);\">Adem\u00e1s de ofrecer servicios legales, tambi\u00e9n trabajo activamente en la promoci\u00f3n de pol\u00edticas y leyes que promuevan la igualdad de g\u00e9nero y la protecci\u00f3n de los derechos de las mujeres y las personas de g\u00e9nero diverso. <br \/><\/span><\/p>\n\t\t\t\t\t\t<\/div>\n\t\t\t\t<\/div>\n\t\t\t\t<\/div>\n\t\t<div class=\"elementor-element elementor-element-c7650c3 e-con-full e-flex e-con e-child\" data-id=\"c7650c3\" data-element_type=\"container\">\n\t\t\t\t<div class=\"elementor-element elementor-element-156d3ee elementor-widget elementor-widget-image\" data-id=\"156d3ee\" data-element_type=\"widget\" data-widget_type=\"image.default\">\n\t\t\t\t<div class=\"elementor-widget-container\">\n\t\t\t<style>\/*! elementor - v3.21.0 - 18-04-2024 *\/\n.elementor-widget-image{text-align:center}.elementor-widget-image a{display:inline-block}.elementor-widget-image a img[src$=\".svg\"]{width:48px}.elementor-widget-image img{vertical-align:middle;display:inline-block}<\/style>\t\t\t\t\t\t\t\t\t\t<img fetchpriority=\"high\" decoding=\"async\" width=\"1024\" height=\"597\" src=\"https:\/\/www.elisabetroyuela.com\/wp-content\/uploads\/2024\/03\/Dret-financer_2.jpg\" class=\"attachment-large size-large wp-image-702\" alt=\"Assesorament i Consultoria en Igualtat a Andorra\" srcset=\"https:\/\/www.elisabetroyuela.com\/wp-content\/uploads\/2024\/03\/Dret-financer_2.jpg 1024w, https:\/\/www.elisabetroyuela.com\/wp-content\/uploads\/2024\/03\/Dret-financer_2-300x175.jpg 300w, https:\/\/www.elisabetroyuela.com\/wp-content\/uploads\/2024\/03\/Dret-financer_2-768x448.jpg 768w\" sizes=\"(max-width: 1024px) 100vw, 1024px\" \/>\t\t\t\t\t\t\t\t\t\t\t\t\t<\/div>\n\t\t\t\t<\/div>\n\t\t\t\t<\/div>\n\t\t\t\t\t<\/div>\n\t\t\t\t<\/div>\n\t\t<div class=\"elementor-element elementor-element-61dcd24 e-flex e-con-boxed e-con e-parent\" data-id=\"61dcd24\" data-element_type=\"container\">\n\t\t\t\t\t<div class=\"e-con-inner\">\n\t\t\t\t<div class=\"elementor-element elementor-element-856550d elementor-widget elementor-widget-text-editor\" data-id=\"856550d\" data-element_type=\"widget\" data-widget_type=\"text-editor.default\">\n\t\t\t\t<div class=\"elementor-widget-container\">\n\t\t\t\t\t\t\t<p><span style=\"color: var( --e-global-color-text ); font-family: var( --e-global-typography-text-font-family ), Sans-serif; font-weight: var( --e-global-typography-text-font-weight ); text-align: var(--text-align); background-color: var(--ast-global-color-5); font-size: 1rem;\">Colaboro con organizaciones de derechos humanos y participo en iniciativas comunitarias destinadas a crear conciencia y promover el cambio social.<\/span><\/p>\n<p>En un esfuerzo por abordar las ra\u00edces hist\u00f3ricas de la desigualdad de g\u00e9nero, tambi\u00e9n proporciono informaci\u00f3n hist\u00f3rica y contextual sobre estos temas en mi p\u00e1gina web. Entender la historia y el contexto social es fundamental para abordar eficazmente los problemas de g\u00e9nero en nuestra sociedad y trabajar hacia un futuro m\u00e1s justo y equitativo para todos.<\/p>\n<p>En Andorra se han promulgado leyes y decretos importantes relacionados con la igualdad de g\u00e9nero. Dos de los m\u00e1s relevantes son:<\/p>\t\t\t\t\t\t<\/div>\n\t\t\t\t<\/div>\n\t\t\t\t\t<\/div>\n\t\t\t\t<\/div>\n\t\t<div class=\"elementor-element elementor-element-28a82006 e-flex e-con-boxed e-con e-parent\" data-id=\"28a82006\" data-element_type=\"container\" data-settings=\"{&quot;background_background&quot;:&quot;classic&quot;}\">\n\t\t\t\t\t<div class=\"e-con-inner\">\n\t\t<div class=\"elementor-element elementor-element-44924309 e-con-full e-flex e-con e-child\" data-id=\"44924309\" data-element_type=\"container\" data-settings=\"{&quot;background_background&quot;:&quot;classic&quot;}\">\n\t\t<div class=\"elementor-element elementor-element-7cca1ee0 e-con-full e-flex e-con e-child\" data-id=\"7cca1ee0\" data-element_type=\"container\">\n\t\t\t\t<div class=\"elementor-element elementor-element-10e58b4c elementor-widget__width-initial elementor-widget-tablet__width-inherit elementor-widget elementor-widget-icon-box\" data-id=\"10e58b4c\" data-element_type=\"widget\" data-widget_type=\"icon-box.default\">\n\t\t\t\t<div class=\"elementor-widget-container\">\n\t\t\t<link rel=\"stylesheet\" href=\"https:\/\/www.elisabetroyuela.com\/wp-content\/plugins\/elementor\/assets\/css\/widget-icon-box.min.css\">\t\t<div class=\"elementor-icon-box-wrapper\">\n\n\t\t\t\n\t\t\t\t\t\t<div class=\"elementor-icon-box-content\">\n\n\t\t\t\t\t\t\t\t\t<h3 class=\"elementor-icon-box-title\">\n\t\t\t\t\t\t<a href=\"https:\/\/www.bopa.ad\/Documents\/Detall?doc=CGL20220414_11_15_29\" target=\"_blank\" >\n\t\t\t\t\t\t\tLey 6\/2022\t\t\t\t\t\t<\/a>\n\t\t\t\t\t<\/h3>\n\t\t\t\t\n\t\t\t\t\t\t\t\t\t<p class=\"elementor-icon-box-description\">\n\t\t\t\t\t\t<p style=\"text-align:justify;\">Esta ley, aprobada el 31 de marzo de 2022, tiene como objetivo la aplicaci\u00f3n efectiva del derecho a la igualdad de trato y de oportunidades y a la no discriminaci\u00f3n entre mujeres y hombres en Andorra. La ley establece disposiciones para eliminar la desigualdad estructural que enfrentan las mujeres en todos los \u00e1mbitos de la vida, desde el laboral hasta el social. Entre sus disposiciones se encuentra la obligaci\u00f3n para las administraciones p\u00fablicas de elaborar y aplicar un Plan de Igualdad propio, as\u00ed como para las empresas y organizaciones con m\u00e1s de 50 empleados. Este plan debe reflejar la aplicaci\u00f3n efectiva de la igualdad de g\u00e9nero y establecer objetivos, medidas y estrategias para lograrlo.<\/p>\t\t\t\t\t<\/p>\n\t\t\t\t\n\t\t\t<\/div>\n\t\t\t\n\t\t<\/div>\n\t\t\t\t<\/div>\n\t\t\t\t<\/div>\n\t\t\t\t<div class=\"elementor-element elementor-element-1ae3f2d0 elementor-widget__width-initial elementor-widget-tablet__width-inherit elementor-widget elementor-widget-icon-box\" data-id=\"1ae3f2d0\" data-element_type=\"widget\" data-widget_type=\"icon-box.default\">\n\t\t\t\t<div class=\"elementor-widget-container\">\n\t\t\t\t\t<div class=\"elementor-icon-box-wrapper\">\n\n\t\t\t\n\t\t\t\t\t\t<div class=\"elementor-icon-box-content\">\n\n\t\t\t\t\t\t\t\t\t<h3 class=\"elementor-icon-box-title\">\n\t\t\t\t\t\t<a href=\"https:\/\/www.bopa.ad\/Documents\/Detall?doc=GD_2023_10_16_14_21_09\" target=\"_blank\" >\n\t\t\t\t\t\t\tDecreto 478\/2023\t\t\t\t\t\t<\/a>\n\t\t\t\t\t<\/h3>\n\t\t\t\t\n\t\t\t\t\t\t\t\t\t<p class=\"elementor-icon-box-description\">\n\t\t\t\t\t\t<p style=\"text-align:justify;\">Este decreto, emitido el 11 de octubre de 2023, aprueba las disposiciones m\u00ednimas respecto a las medidas preventivas y de abordaje de las conductas de acoso sexual y por raz\u00f3n de g\u00e9nero en las empresas y otras entidades del sector privado en Andorra. Este decreto establece la elaboraci\u00f3n de un C\u00f3digo de Prevenci\u00f3n y Abordaje de estas conductas, que es una de las formas m\u00e1s efectivas de prevenir y abordar el acoso en el \u00e1mbito laboral. Tambi\u00e9n establece plazos para que las empresas implementen este c\u00f3digo, brindando un marco legal s\u00f3lido para proteger los derechos y la seguridad de las personas en el lugar de trabajo.<\/p>\t\t\t\t\t<\/p>\n\t\t\t\t\n\t\t\t<\/div>\n\t\t\t\n\t\t<\/div>\n\t\t\t\t<\/div>\n\t\t\t\t<\/div>\n\t\t\t\t<\/div>\n\t\t\t\t<\/div>\n\t\t\t\t\t<\/div>\n\t\t\t\t<\/div>\n\t\t<div class=\"elementor-element elementor-element-4956c92 e-flex e-con-boxed e-con e-parent\" data-id=\"4956c92\" data-element_type=\"container\">\n\t\t\t\t\t<div class=\"e-con-inner\">\n\t\t\t\t<div class=\"elementor-element elementor-element-c8d98a8 elementor-widget__width-inherit elementor-invisible elementor-widget elementor-widget-image\" data-id=\"c8d98a8\" data-element_type=\"widget\" data-settings=\"{&quot;_animation&quot;:&quot;fadeInUp&quot;}\" data-widget_type=\"image.default\">\n\t\t\t\t<div class=\"elementor-widget-container\">\n\t\t\t\t\t\t\t\t\t\t\t\t\t<img decoding=\"async\" width=\"1200\" height=\"520\" src=\"https:\/\/www.elisabetroyuela.com\/wp-content\/uploads\/2024\/04\/Andorra_02.jpg\" class=\"attachment-full size-full wp-image-764\" alt=\"seu de la justicia a andorra\" srcset=\"https:\/\/www.elisabetroyuela.com\/wp-content\/uploads\/2024\/04\/Andorra_02.jpg 1200w, https:\/\/www.elisabetroyuela.com\/wp-content\/uploads\/2024\/04\/Andorra_02-300x130.jpg 300w, https:\/\/www.elisabetroyuela.com\/wp-content\/uploads\/2024\/04\/Andorra_02-1024x444.jpg 1024w, https:\/\/www.elisabetroyuela.com\/wp-content\/uploads\/2024\/04\/Andorra_02-768x333.jpg 768w\" sizes=\"(max-width: 1200px) 100vw, 1200px\" \/>\t\t\t\t\t\t\t\t\t\t\t\t\t<\/div>\n\t\t\t\t<\/div>\n\t\t\t\t<div class=\"elementor-element elementor-element-2a07dc5 elementor-widget elementor-widget-text-editor\" data-id=\"2a07dc5\" data-element_type=\"widget\" data-widget_type=\"text-editor.default\">\n\t\t\t\t<div class=\"elementor-widget-container\">\n\t\t\t\t\t\t\t<p><span style=\"font-style: inherit; font-weight: inherit; color: var( --e-global-color-text ); text-align: var(--text-align); background-color: var(--ast-global-color-5);\">Estas leyes y decretos demuestran el compromiso del Gobierno de Andorra para promover la igualdad de g\u00e9nero y garantizar un entorno laboral seguro y respetuoso para todas las personas. Es importante para una abogada que se especializa en estos temas estar familiarizada con estas leyes y poder asesorar a sus clientes en consecuencia.<\/span><\/p>\n\t\t\t\t\t\t<\/div>\n\t\t\t\t<\/div>\n\t\t\t\t\t<\/div>\n\t\t\t\t<\/div>\n\t\t\t\t<\/div>\n\t\t","protected":false},"excerpt":{"rendered":"<p>Igualdad de G\u00e9nero y Protecci\u00f3n Legal Desde hace d\u00e9cadas, la lucha por la igualdad de g\u00e9nero ha sido un desaf\u00edo constante en todos los \u00e1mbitos de la vida. A lo largo de la historia, hemos presenciado avances significativos en la promoci\u00f3n de la igualdad y la erradicaci\u00f3n de la discriminaci\u00f3n basada en el g\u00e9nero. No [&hellip;]<\/p>\n","protected":false},"author":1,"featured_media":0,"parent":0,"menu_order":0,"comment_status":"closed","ping_status":"closed","template":"","meta":{"site-sidebar-layout":"no-sidebar","site-content-layout":"page-builder","ast-site-content-layout":"","site-content-style":"default","site-sidebar-style":"default","ast-global-header-display":"","ast-banner-title-visibility":"","ast-main-header-display":"","ast-hfb-above-header-display":"","ast-hfb-below-header-display":"","ast-hfb-mobile-header-display":"","site-post-title":"disabled","ast-breadcrumbs-content":"","ast-featured-img":"disabled","footer-sml-layout":"","theme-transparent-header-meta":"","adv-header-id-meta":"","stick-header-meta":"","header-above-stick-meta":"","header-main-stick-meta":"","header-below-stick-meta":"","astra-migrate-meta-layouts":"default","ast-page-background-enabled":"default","ast-page-background-meta":{"desktop":{"background-color":"var(--ast-global-color-4)","background-image":"","background-repeat":"repeat","background-position":"center center","background-size":"auto","background-attachment":"scroll","background-type":"","background-media":"","overlay-type":"","overlay-color":"","overlay-gradient":""},"tablet":{"background-color":"","background-image":"","background-repeat":"repeat","background-position":"center center","background-size":"auto","background-attachment":"scroll","background-type":"","background-media":"","overlay-type":"","overlay-color":"","overlay-gradient":""},"mobile":{"background-color":"","background-image":"","background-repeat":"repeat","background-position":"center center","background-size":"auto","background-attachment":"scroll","background-type":"","background-media":"","overlay-type":"","overlay-color":"","overlay-gradient":""}},"ast-content-background-meta":{"desktop":{"background-color":"var(--ast-global-color-5)","background-image":"","background-repeat":"repeat","background-position":"center center","background-size":"auto","background-attachment":"scroll","background-type":"","background-media":"","overlay-type":"","overlay-color":"","overlay-gradient":""},"tablet":{"background-color":"var(--ast-global-color-5)","background-image":"","background-repeat":"repeat","background-position":"center center","background-size":"auto","background-attachment":"scroll","background-type":"","background-media":"","overlay-type":"","overlay-color":"","overlay-gradient":""},"mobile":{"background-color":"var(--ast-global-color-5)","background-image":"","background-repeat":"repeat","background-position":"center center","background-size":"auto","background-attachment":"scroll","background-type":"","background-media":"","overlay-type":"","overlay-color":"","overlay-gradient":""}},"footnotes":""},"yoast_head":"<!-- This site is optimized with the Yoast SEO plugin v22.5 - https:\/\/yoast.com\/wordpress\/plugins\/seo\/ -->\n<title>Asesoramiento y Consultor\u00eda en Igualdad en Andorra - Elisabet Royuela | Abogada en Andorra<\/title>\n<meta name=\"robots\" content=\"index, follow, max-snippet:-1, max-image-preview:large, max-video-preview:-1\" \/>\n<link rel=\"canonical\" href=\"https:\/\/www.elisabetroyuela.com\/es\/asesoramiento-y-consultoria-en-igualdad-andorra\/\" \/>\n<meta property=\"og:locale\" content=\"es_ES\" \/>\n<meta property=\"og:type\" content=\"article\" \/>\n<meta property=\"og:title\" content=\"Asesoramiento y Consultor\u00eda en Igualdad en Andorra - Elisabet Royuela | Abogada en Andorra\" \/>\n<meta property=\"og:description\" content=\"Igualdad de G\u00e9nero y Protecci\u00f3n Legal Desde hace d\u00e9cadas, la lucha por la igualdad de g\u00e9nero ha sido un desaf\u00edo constante en todos los \u00e1mbitos de la vida. A lo largo de la historia, hemos presenciado avances significativos en la promoci\u00f3n de la igualdad y la erradicaci\u00f3n de la discriminaci\u00f3n basada en el g\u00e9nero. No [&hellip;]\" \/>\n<meta property=\"og:url\" content=\"https:\/\/www.elisabetroyuela.com\/es\/asesoramiento-y-consultoria-en-igualdad-andorra\/\" \/>\n<meta property=\"og:site_name\" content=\"Elisabet Royuela | Abogada en Andorra\" \/>\n<meta property=\"article:modified_time\" content=\"2024-07-08T18:21:16+00:00\" \/>\n<meta property=\"og:image\" content=\"https:\/\/www.elisabetroyuela.com\/wp-content\/uploads\/2024\/03\/Dret-financer_2.jpg\" \/>\n<meta name=\"twitter:card\" content=\"summary_large_image\" \/>\n<meta name=\"twitter:label1\" content=\"Tiempo de lectura\" \/>\n\t<meta name=\"twitter:data1\" content=\"3 minutos\" \/>\n<script type=\"application\/ld+json\" class=\"yoast-schema-graph\">{\"@context\":\"https:\/\/schema.org\",\"@graph\":[{\"@type\":\"WebPage\",\"@id\":\"https:\/\/www.elisabetroyuela.com\/es\/asesoramiento-y-consultoria-en-igualdad-andorra\/\",\"url\":\"https:\/\/www.elisabetroyuela.com\/es\/asesoramiento-y-consultoria-en-igualdad-andorra\/\",\"name\":\"Asesoramiento y Consultor\u00eda en Igualdad en Andorra - Elisabet Royuela | Abogada en Andorra\",\"isPartOf\":{\"@id\":\"https:\/\/www.elisabetroyuela.com\/#website\"},\"primaryImageOfPage\":{\"@id\":\"https:\/\/www.elisabetroyuela.com\/es\/asesoramiento-y-consultoria-en-igualdad-andorra\/#primaryimage\"},\"image\":{\"@id\":\"https:\/\/www.elisabetroyuela.com\/es\/asesoramiento-y-consultoria-en-igualdad-andorra\/#primaryimage\"},\"thumbnailUrl\":\"https:\/\/www.elisabetroyuela.com\/wp-content\/uploads\/2024\/03\/Dret-financer_2.jpg\",\"datePublished\":\"2023-06-13T08:45:45+00:00\",\"dateModified\":\"2024-07-08T18:21:16+00:00\",\"breadcrumb\":{\"@id\":\"https:\/\/www.elisabetroyuela.com\/es\/asesoramiento-y-consultoria-en-igualdad-andorra\/#breadcrumb\"},\"inLanguage\":\"es\",\"potentialAction\":[{\"@type\":\"ReadAction\",\"target\":[\"https:\/\/www.elisabetroyuela.com\/es\/asesoramiento-y-consultoria-en-igualdad-andorra\/\"]}]},{\"@type\":\"ImageObject\",\"inLanguage\":\"es\",\"@id\":\"https:\/\/www.elisabetroyuela.com\/es\/asesoramiento-y-consultoria-en-igualdad-andorra\/#primaryimage\",\"url\":\"https:\/\/www.elisabetroyuela.com\/wp-content\/uploads\/2024\/03\/Dret-financer_2.jpg\",\"contentUrl\":\"https:\/\/www.elisabetroyuela.com\/wp-content\/uploads\/2024\/03\/Dret-financer_2.jpg\"},{\"@type\":\"BreadcrumbList\",\"@id\":\"https:\/\/www.elisabetroyuela.com\/es\/asesoramiento-y-consultoria-en-igualdad-andorra\/#breadcrumb\",\"itemListElement\":[{\"@type\":\"ListItem\",\"position\":1,\"name\":\"Inici\",\"item\":\"https:\/\/www.elisabetroyuela.com\/\"},{\"@type\":\"ListItem\",\"position\":2,\"name\":\"Asesoramiento y Consultor\u00eda en Igualdad en Andorra\"}]},{\"@type\":\"WebSite\",\"@id\":\"https:\/\/www.elisabetroyuela.com\/#website\",\"url\":\"https:\/\/www.elisabetroyuela.com\/\",\"name\":\"Elisabet Royuela | Advocada a Andorra\",\"description\":\"Estudi jur\u00eddic especialitzat en igualtat i finances\",\"publisher\":{\"@id\":\"https:\/\/www.elisabetroyuela.com\/#organization\"},\"potentialAction\":[{\"@type\":\"SearchAction\",\"target\":{\"@type\":\"EntryPoint\",\"urlTemplate\":\"https:\/\/www.elisabetroyuela.com\/?s={search_term_string}\"},\"query-input\":\"required name=search_term_string\"}],\"inLanguage\":\"es\"},{\"@type\":\"Organization\",\"@id\":\"https:\/\/www.elisabetroyuela.com\/#organization\",\"name\":\"Elisabet Royuela | Abogada en Andorra\",\"url\":\"https:\/\/www.elisabetroyuela.com\/\",\"logo\":{\"@type\":\"ImageObject\",\"inLanguage\":\"es\",\"@id\":\"https:\/\/www.elisabetroyuela.com\/#\/schema\/logo\/image\/\",\"url\":\"https:\/\/www.elisabetroyuela.com\/wp-content\/uploads\/2023\/06\/Logo_transparent-1.png\",\"contentUrl\":\"https:\/\/www.elisabetroyuela.com\/wp-content\/uploads\/2023\/06\/Logo_transparent-1.png\",\"width\":600,\"height\":180,\"caption\":\"Elisabet Royuela | Abogada en Andorra\"},\"image\":{\"@id\":\"https:\/\/www.elisabetroyuela.com\/#\/schema\/logo\/image\/\"},\"sameAs\":[\"https:\/\/www.linkedin.com\/in\/elisabeth-royuela-ampurdans-4a973b111\"]}]}<\/script>\n<!-- \/ Yoast SEO plugin. -->","yoast_head_json":{"title":"Asesoramiento y Consultor\u00eda en Igualdad en Andorra - Elisabet Royuela | Abogada en Andorra","robots":{"index":"index","follow":"follow","max-snippet":"max-snippet:-1","max-image-preview":"max-image-preview:large","max-video-preview":"max-video-preview:-1"},"canonical":"https:\/\/www.elisabetroyuela.com\/es\/asesoramiento-y-consultoria-en-igualdad-andorra\/","og_locale":"es_ES","og_type":"article","og_title":"Asesoramiento y Consultor\u00eda en Igualdad en Andorra - Elisabet Royuela | Abogada en Andorra","og_description":"Igualdad de G\u00e9nero y Protecci\u00f3n Legal Desde hace d\u00e9cadas, la lucha por la igualdad de g\u00e9nero ha sido un desaf\u00edo constante en todos los \u00e1mbitos de la vida. A lo largo de la historia, hemos presenciado avances significativos en la promoci\u00f3n de la igualdad y la erradicaci\u00f3n de la discriminaci\u00f3n basada en el g\u00e9nero. No [&hellip;]","og_url":"https:\/\/www.elisabetroyuela.com\/es\/asesoramiento-y-consultoria-en-igualdad-andorra\/","og_site_name":"Elisabet Royuela | Abogada en Andorra","article_modified_time":"2024-07-08T18:21:16+00:00","og_image":[{"url":"https:\/\/www.elisabetroyuela.com\/wp-content\/uploads\/2024\/03\/Dret-financer_2.jpg"}],"twitter_card":"summary_large_image","twitter_misc":{"Tiempo de lectura":"3 minutos"},"schema":{"@context":"https:\/\/schema.org","@graph":[{"@type":"WebPage","@id":"https:\/\/www.elisabetroyuela.com\/es\/asesoramiento-y-consultoria-en-igualdad-andorra\/","url":"https:\/\/www.elisabetroyuela.com\/es\/asesoramiento-y-consultoria-en-igualdad-andorra\/","name":"Asesoramiento y Consultor\u00eda en Igualdad en Andorra - Elisabet Royuela | Abogada en Andorra","isPartOf":{"@id":"https:\/\/www.elisabetroyuela.com\/#website"},"primaryImageOfPage":{"@id":"https:\/\/www.elisabetroyuela.com\/es\/asesoramiento-y-consultoria-en-igualdad-andorra\/#primaryimage"},"image":{"@id":"https:\/\/www.elisabetroyuela.com\/es\/asesoramiento-y-consultoria-en-igualdad-andorra\/#primaryimage"},"thumbnailUrl":"https:\/\/www.elisabetroyuela.com\/wp-content\/uploads\/2024\/03\/Dret-financer_2.jpg","datePublished":"2023-06-13T08:45:45+00:00","dateModified":"2024-07-08T18:21:16+00:00","breadcrumb":{"@id":"https:\/\/www.elisabetroyuela.com\/es\/asesoramiento-y-consultoria-en-igualdad-andorra\/#breadcrumb"},"inLanguage":"es","potentialAction":[{"@type":"ReadAction","target":["https:\/\/www.elisabetroyuela.com\/es\/asesoramiento-y-consultoria-en-igualdad-andorra\/"]}]},{"@type":"ImageObject","inLanguage":"es","@id":"https:\/\/www.elisabetroyuela.com\/es\/asesoramiento-y-consultoria-en-igualdad-andorra\/#primaryimage","url":"https:\/\/www.elisabetroyuela.com\/wp-content\/uploads\/2024\/03\/Dret-financer_2.jpg","contentUrl":"https:\/\/www.elisabetroyuela.com\/wp-content\/uploads\/2024\/03\/Dret-financer_2.jpg"},{"@type":"BreadcrumbList","@id":"https:\/\/www.elisabetroyuela.com\/es\/asesoramiento-y-consultoria-en-igualdad-andorra\/#breadcrumb","itemListElement":[{"@type":"ListItem","position":1,"name":"Inici","item":"https:\/\/www.elisabetroyuela.com\/"},{"@type":"ListItem","position":2,"name":"Asesoramiento y Consultor\u00eda en Igualdad en Andorra"}]},{"@type":"WebSite","@id":"https:\/\/www.elisabetroyuela.com\/#website","url":"https:\/\/www.elisabetroyuela.com\/","name":"Elisabet Royuela | Advocada a Andorra","description":"Estudi jur\u00eddic especialitzat en igualtat i finances","publisher":{"@id":"https:\/\/www.elisabetroyuela.com\/#organization"},"potentialAction":[{"@type":"SearchAction","target":{"@type":"EntryPoint","urlTemplate":"https:\/\/www.elisabetroyuela.com\/?s={search_term_string}"},"query-input":"required name=search_term_string"}],"inLanguage":"es"},{"@type":"Organization","@id":"https:\/\/www.elisabetroyuela.com\/#organization","name":"Elisabet Royuela | Abogada en Andorra","url":"https:\/\/www.elisabetroyuela.com\/","logo":{"@type":"ImageObject","inLanguage":"es","@id":"https:\/\/www.elisabetroyuela.com\/#\/schema\/logo\/image\/","url":"https:\/\/www.elisabetroyuela.com\/wp-content\/uploads\/2023\/06\/Logo_transparent-1.png","contentUrl":"https:\/\/www.elisabetroyuela.com\/wp-content\/uploads\/2023\/06\/Logo_transparent-1.png","width":600,"height":180,"caption":"Elisabet Royuela | Abogada en Andorra"},"image":{"@id":"https:\/\/www.elisabetroyuela.com\/#\/schema\/logo\/image\/"},"sameAs":["https:\/\/www.linkedin.com\/in\/elisabeth-royuela-ampurdans-4a973b111"]}]}},"_links":{"self":[{"href":"https:\/\/www.elisabetroyuela.com\/es\/wp-json\/wp\/v2\/pages\/850"}],"collection":[{"href":"https:\/\/www.elisabetroyuela.com\/es\/wp-json\/wp\/v2\/pages"}],"about":[{"href":"https:\/\/www.elisabetroyuela.com\/es\/wp-json\/wp\/v2\/types\/page"}],"author":[{"embeddable":true,"href":"https:\/\/www.elisabetroyuela.com\/es\/wp-json\/wp\/v2\/users\/1"}],"replies":[{"embeddable":true,"href":"https:\/\/www.elisabetroyuela.com\/es\/wp-json\/wp\/v2\/comments?post=850"}],"version-history":[{"count":2,"href":"https:\/\/www.elisabetroyuela.com\/es\/wp-json\/wp\/v2\/pages\/850\/revisions"}],"predecessor-version":[{"id":949,"href":"https:\/\/www.elisabetroyuela.com\/es\/wp-json\/wp\/v2\/pages\/850\/revisions\/949"}],"wp:attachment":[{"href":"https:\/\/www.elisabetroyuela.com\/es\/wp-json\/wp\/v2\/media?parent=850"}],"curies":[{"name":"wp","href":"https:\/\/api.w.org\/{rel}","templated":true}]}}