{"id":846,"date":"2023-06-13T18:35:15","date_gmt":"2023-06-13T16:35:15","guid":{"rendered":"https:\/\/www.elisabetroyuela.com\/quienes-somos\/"},"modified":"2024-07-04T09:46:16","modified_gmt":"2024-07-04T07:46:16","slug":"quienes-somos","status":"publish","type":"page","link":"https:\/\/www.elisabetroyuela.com\/es\/quienes-somos\/","title":{"rendered":"Qui\u00e9nes Somos"},"content":{"rendered":"\t\t<div data-elementor-type=\"wp-page\" data-elementor-id=\"846\" class=\"elementor elementor-846 elementor-370\" data-elementor-post-type=\"page\">\n\t\t\t\t<div class=\"elementor-element elementor-element-1a3c8f6 e-flex e-con-boxed e-con e-parent\" data-id=\"1a3c8f6\" data-element_type=\"container\" data-settings=\"{&quot;background_background&quot;:&quot;gradient&quot;}\">\n\t\t\t\t\t<div class=\"e-con-inner\">\n\t\t\t\t\t<\/div>\n\t\t\t\t<\/div>\n\t\t<div class=\"elementor-element elementor-element-753910e e-flex e-con-boxed e-con e-parent\" data-id=\"753910e\" data-element_type=\"container\" data-settings=\"{&quot;background_background&quot;:&quot;classic&quot;}\">\n\t\t\t\t\t<div class=\"e-con-inner\">\n\t\t<div class=\"elementor-element elementor-element-76fbb615 e-con-full e-flex e-con e-child\" data-id=\"76fbb615\" data-element_type=\"container\">\n\t\t\t\t<div class=\"elementor-element elementor-element-5101b67f elementor-widget__width-inherit elementor-widget-divider--view-line elementor-invisible elementor-widget elementor-widget-divider\" data-id=\"5101b67f\" data-element_type=\"widget\" data-settings=\"{&quot;_animation&quot;:&quot;fadeInLeft&quot;}\" data-widget_type=\"divider.default\">\n\t\t\t\t<div class=\"elementor-widget-container\">\n\t\t\t<style>\/*! elementor - v3.21.0 - 18-04-2024 *\/\n.elementor-widget-divider{--divider-border-style:none;--divider-border-width:1px;--divider-color:#0c0d0e;--divider-icon-size:20px;--divider-element-spacing:10px;--divider-pattern-height:24px;--divider-pattern-size:20px;--divider-pattern-url:none;--divider-pattern-repeat:repeat-x}.elementor-widget-divider .elementor-divider{display:flex}.elementor-widget-divider .elementor-divider__text{font-size:15px;line-height:1;max-width:95%}.elementor-widget-divider .elementor-divider__element{margin:0 var(--divider-element-spacing);flex-shrink:0}.elementor-widget-divider .elementor-icon{font-size:var(--divider-icon-size)}.elementor-widget-divider .elementor-divider-separator{display:flex;margin:0;direction:ltr}.elementor-widget-divider--view-line_icon .elementor-divider-separator,.elementor-widget-divider--view-line_text .elementor-divider-separator{align-items:center}.elementor-widget-divider--view-line_icon .elementor-divider-separator:after,.elementor-widget-divider--view-line_icon .elementor-divider-separator:before,.elementor-widget-divider--view-line_text .elementor-divider-separator:after,.elementor-widget-divider--view-line_text .elementor-divider-separator:before{display:block;content:\"\";border-block-end:0;flex-grow:1;border-block-start:var(--divider-border-width) var(--divider-border-style) var(--divider-color)}.elementor-widget-divider--element-align-left .elementor-divider .elementor-divider-separator>.elementor-divider__svg:first-of-type{flex-grow:0;flex-shrink:100}.elementor-widget-divider--element-align-left .elementor-divider-separator:before{content:none}.elementor-widget-divider--element-align-left .elementor-divider__element{margin-left:0}.elementor-widget-divider--element-align-right .elementor-divider .elementor-divider-separator>.elementor-divider__svg:last-of-type{flex-grow:0;flex-shrink:100}.elementor-widget-divider--element-align-right .elementor-divider-separator:after{content:none}.elementor-widget-divider--element-align-right .elementor-divider__element{margin-right:0}.elementor-widget-divider--element-align-start .elementor-divider .elementor-divider-separator>.elementor-divider__svg:first-of-type{flex-grow:0;flex-shrink:100}.elementor-widget-divider--element-align-start .elementor-divider-separator:before{content:none}.elementor-widget-divider--element-align-start .elementor-divider__element{margin-inline-start:0}.elementor-widget-divider--element-align-end .elementor-divider .elementor-divider-separator>.elementor-divider__svg:last-of-type{flex-grow:0;flex-shrink:100}.elementor-widget-divider--element-align-end .elementor-divider-separator:after{content:none}.elementor-widget-divider--element-align-end .elementor-divider__element{margin-inline-end:0}.elementor-widget-divider:not(.elementor-widget-divider--view-line_text):not(.elementor-widget-divider--view-line_icon) .elementor-divider-separator{border-block-start:var(--divider-border-width) var(--divider-border-style) var(--divider-color)}.elementor-widget-divider--separator-type-pattern{--divider-border-style:none}.elementor-widget-divider--separator-type-pattern.elementor-widget-divider--view-line .elementor-divider-separator,.elementor-widget-divider--separator-type-pattern:not(.elementor-widget-divider--view-line) .elementor-divider-separator:after,.elementor-widget-divider--separator-type-pattern:not(.elementor-widget-divider--view-line) .elementor-divider-separator:before,.elementor-widget-divider--separator-type-pattern:not([class*=elementor-widget-divider--view]) .elementor-divider-separator{width:100%;min-height:var(--divider-pattern-height);-webkit-mask-size:var(--divider-pattern-size) 100%;mask-size:var(--divider-pattern-size) 100%;-webkit-mask-repeat:var(--divider-pattern-repeat);mask-repeat:var(--divider-pattern-repeat);background-color:var(--divider-color);-webkit-mask-image:var(--divider-pattern-url);mask-image:var(--divider-pattern-url)}.elementor-widget-divider--no-spacing{--divider-pattern-size:auto}.elementor-widget-divider--bg-round{--divider-pattern-repeat:round}.rtl .elementor-widget-divider .elementor-divider__text{direction:rtl}.e-con-inner>.elementor-widget-divider,.e-con>.elementor-widget-divider{width:var(--container-widget-width,100%);--flex-grow:var(--container-widget-flex-grow)}<\/style>\t\t<div class=\"elementor-divider\">\n\t\t\t<span class=\"elementor-divider-separator\">\n\t\t\t\t\t\t<\/span>\n\t\t<\/div>\n\t\t\t\t<\/div>\n\t\t\t\t<\/div>\n\t\t\t\t<div class=\"elementor-element elementor-element-8c90700 elementor-widget__width-initial elementor-widget-tablet__width-inherit elementor-widget elementor-widget-heading\" data-id=\"8c90700\" data-element_type=\"widget\" data-widget_type=\"heading.default\">\n\t\t\t\t<div class=\"elementor-widget-container\">\n\t\t\t<style>\/*! elementor - v3.21.0 - 18-04-2024 *\/\n.elementor-heading-title{padding:0;margin:0;line-height:1}.elementor-widget-heading .elementor-heading-title[class*=elementor-size-]>a{color:inherit;font-size:inherit;line-height:inherit}.elementor-widget-heading .elementor-heading-title.elementor-size-small{font-size:15px}.elementor-widget-heading .elementor-heading-title.elementor-size-medium{font-size:19px}.elementor-widget-heading .elementor-heading-title.elementor-size-large{font-size:29px}.elementor-widget-heading .elementor-heading-title.elementor-size-xl{font-size:39px}.elementor-widget-heading .elementor-heading-title.elementor-size-xxl{font-size:59px}<\/style><h2 class=\"elementor-heading-title elementor-size-default\">Amplia experiencia en el asesoramiento y la consultor\u00eda en el \u00e1mbito empresarial.<\/h2>\t\t<\/div>\n\t\t\t\t<\/div>\n\t\t\t\t<div class=\"elementor-element elementor-element-2c006ab0 elementor-widget__width-initial elementor-widget-tablet__width-inherit elementor-widget elementor-widget-text-editor\" data-id=\"2c006ab0\" data-element_type=\"widget\" data-widget_type=\"text-editor.default\">\n\t\t\t\t<div class=\"elementor-widget-container\">\n\t\t\t<style>\/*! elementor - v3.21.0 - 18-04-2024 *\/\n.elementor-widget-text-editor.elementor-drop-cap-view-stacked .elementor-drop-cap{background-color:#69727d;color:#fff}.elementor-widget-text-editor.elementor-drop-cap-view-framed .elementor-drop-cap{color:#69727d;border:3px solid;background-color:transparent}.elementor-widget-text-editor:not(.elementor-drop-cap-view-default) .elementor-drop-cap{margin-top:8px}.elementor-widget-text-editor:not(.elementor-drop-cap-view-default) .elementor-drop-cap-letter{width:1em;height:1em}.elementor-widget-text-editor .elementor-drop-cap{float:left;text-align:center;line-height:1;font-size:50px}.elementor-widget-text-editor .elementor-drop-cap-letter{display:inline-block}<\/style>\t\t\t\t<p>Mi trayectoria profesional se ha centrado principalmente en el asesoramiento legal, comenzando en un despacho de abogados ejerciendo la abogac\u00eda tradicional y posteriormente, durante m\u00e1s de veinte a\u00f1os, ejerciendo roles de abogada y asesora legal en el sector financiero, ocupando cargos directivos en departamentos de Asesor\u00eda Jur\u00eddica y Cumplimiento Normativo.<\/p>\n<p>He acumulado una amplia experiencia en el asesoramiento y la consultor\u00eda en el sector financiero y asegurador, lo cual me ha proporcionado s\u00f3lidos conocimientos en el \u00e1mbito empresarial.<\/p>\n\t\t\t\t\t\t<\/div>\n\t\t\t\t<\/div>\n\t\t\t\t<\/div>\n\t\t\t\t<div class=\"elementor-element elementor-element-8fc2e6a elementor-widget__width-inherit elementor-invisible elementor-widget elementor-widget-image\" data-id=\"8fc2e6a\" data-element_type=\"widget\" data-settings=\"{&quot;_animation&quot;:&quot;fadeInUp&quot;}\" data-widget_type=\"image.default\">\n\t\t\t\t<div class=\"elementor-widget-container\">\n\t\t\t<style>\/*! elementor - v3.21.0 - 18-04-2024 *\/\n.elementor-widget-image{text-align:center}.elementor-widget-image a{display:inline-block}.elementor-widget-image a img[src$=\".svg\"]{width:48px}.elementor-widget-image img{vertical-align:middle;display:inline-block}<\/style>\t\t\t\t\t\t\t\t\t\t<img fetchpriority=\"high\" decoding=\"async\" width=\"1800\" height=\"717\" src=\"https:\/\/www.elisabetroyuela.com\/wp-content\/uploads\/2023\/11\/Qui_Som_01.jpg\" class=\"attachment-full size-full wp-image-437\" alt=\"advocada andorra\" srcset=\"https:\/\/www.elisabetroyuela.com\/wp-content\/uploads\/2023\/11\/Qui_Som_01.jpg 1800w, https:\/\/www.elisabetroyuela.com\/wp-content\/uploads\/2023\/11\/Qui_Som_01-300x120.jpg 300w, https:\/\/www.elisabetroyuela.com\/wp-content\/uploads\/2023\/11\/Qui_Som_01-1024x408.jpg 1024w, https:\/\/www.elisabetroyuela.com\/wp-content\/uploads\/2023\/11\/Qui_Som_01-768x306.jpg 768w, https:\/\/www.elisabetroyuela.com\/wp-content\/uploads\/2023\/11\/Qui_Som_01-1536x612.jpg 1536w\" sizes=\"(max-width: 1800px) 100vw, 1800px\" \/>\t\t\t\t\t\t\t\t\t\t\t\t\t<\/div>\n\t\t\t\t<\/div>\n\t\t\t\t<div class=\"elementor-element elementor-element-45e0982 elementor-widget elementor-widget-text-editor\" data-id=\"45e0982\" data-element_type=\"widget\" data-widget_type=\"text-editor.default\">\n\t\t\t\t<div class=\"elementor-widget-container\">\n\t\t\t\t\t\t\t<p>Como abogada especializada en derecho financiero, y colegiada en el Colegio Oficial de Abogados de Andorra, he representado a clientes ante los tribunales en diversos procesos contenciosos, mientras desarrollaba tareas de consultor\u00eda y asesoramiento empresarial.<\/p>\n<p>Adem\u00e1s, mi pasi\u00f3n por esta profesi\u00f3n y una curiosidad innata por comprender al ser humano me llevaron a ampliar mis conocimientos a trav\u00e9s de un enfoque m\u00e1s human\u00edstico, lo cual ha proporcionado una visi\u00f3n integral a mi trayectoria profesional.<\/p>\n<p>Tambi\u00e9n soy Agente de Igualdad. Este rol implica coordinar, dinamizar, implementar y gestionar proyectos y campa\u00f1as de acci\u00f3n positiva, considerando la igualdad de oportunidades y de g\u00e9nero en diferentes \u00e1mbitos y escenarios profesionales. Mi objetivo es conjugar la justicia en temas de igualdad con mi experiencia en derecho financiero, buscando as\u00ed un equilibrio entre ambos aspectos en mi carrera profesional.<\/p>\n\t\t\t\t\t\t<\/div>\n\t\t\t\t<\/div>\n\t\t\t\t<div class=\"elementor-element elementor-element-1e6d2882 elementor-widget__width-inherit elementor-invisible elementor-widget elementor-widget-image\" data-id=\"1e6d2882\" data-element_type=\"widget\" data-settings=\"{&quot;_animation&quot;:&quot;fadeInUp&quot;}\" data-widget_type=\"image.default\">\n\t\t\t\t<div class=\"elementor-widget-container\">\n\t\t\t\t\t\t\t\t\t\t\t\t\t<img decoding=\"async\" width=\"1200\" height=\"489\" src=\"https:\/\/www.elisabetroyuela.com\/wp-content\/uploads\/2024\/04\/Andorra_01.jpg\" class=\"attachment-full size-full wp-image-757\" alt=\"Andorra\" srcset=\"https:\/\/www.elisabetroyuela.com\/wp-content\/uploads\/2024\/04\/Andorra_01.jpg 1200w, https:\/\/www.elisabetroyuela.com\/wp-content\/uploads\/2024\/04\/Andorra_01-300x122.jpg 300w, https:\/\/www.elisabetroyuela.com\/wp-content\/uploads\/2024\/04\/Andorra_01-1024x417.jpg 1024w, https:\/\/www.elisabetroyuela.com\/wp-content\/uploads\/2024\/04\/Andorra_01-768x313.jpg 768w\" sizes=\"(max-width: 1200px) 100vw, 1200px\" \/>\t\t\t\t\t\t\t\t\t\t\t\t\t<\/div>\n\t\t\t\t<\/div>\n\t\t<div class=\"elementor-element elementor-element-8e9242f e-con-full e-flex e-con e-child\" data-id=\"8e9242f\" data-element_type=\"container\" data-settings=\"{&quot;background_background&quot;:&quot;classic&quot;}\">\n\t\t\t\t<div class=\"elementor-element elementor-element-bb14329 elementor-widget elementor-widget-text-editor\" data-id=\"bb14329\" data-element_type=\"widget\" data-widget_type=\"text-editor.default\">\n\t\t\t\t<div class=\"elementor-widget-container\">\n\t\t\t\t\t\t\t<p><b>Hacia el derecho con perspectiva de g\u00e9nero<\/b><\/p>\n<p><span style=\"font-style: inherit; font-weight: inherit; color: var( --e-global-color-text ); font-family: var( --e-global-typography-text-font-family ), Sans-serif; text-align: var(--text-align);\">Fruto de mi innata curiosidad por todo lo relacionado con las personas y por comprender sus motivaciones e inquietudes, decid\u00ed estudiar Humanidades.<\/span><\/p>\n<p><span style=\"font-style: inherit; font-weight: inherit; color: var( --e-global-color-text ); font-family: var( --e-global-typography-text-font-family ), Sans-serif; text-align: var(--text-align);\">Este momento marca un punto de inflexi\u00f3n en mi trayectoria profesional, ya que me intereso especialmente en la defensa de los derechos de las personas bas\u00e1ndome sobre todo en las desigualdades de g\u00e9nero para luchar contra casos de discriminaci\u00f3n, acoso y violencia de g\u00e9nero. Es en este per\u00edodo cuando me convierto en Agente de Igualdad, ampliando mi formaci\u00f3n con una marcada perspectiva de g\u00e9nero, entre ellas en materia de violencia de g\u00e9nero y dom\u00e9stica.<\/span><\/p>\n\t\t\t\t\t\t<\/div>\n\t\t\t\t<\/div>\n\t\t\t\t<\/div>\n\t\t\t\t\t<\/div>\n\t\t\t\t<\/div>\n\t\t\t\t<\/div>\n\t\t","protected":false},"excerpt":{"rendered":"<p>Amplia experiencia en el asesoramiento y la consultor\u00eda en el \u00e1mbito empresarial. Mi trayectoria profesional se ha centrado principalmente en el asesoramiento legal, comenzando en un despacho de abogados ejerciendo la abogac\u00eda tradicional y posteriormente, durante m\u00e1s de veinte a\u00f1os, ejerciendo roles de abogada y asesora legal en el sector financiero, ocupando cargos directivos en [&hellip;]<\/p>\n","protected":false},"author":1,"featured_media":0,"parent":0,"menu_order":0,"comment_status":"closed","ping_status":"closed","template":"","meta":{"site-sidebar-layout":"no-sidebar","site-content-layout":"page-builder","ast-site-content-layout":"","site-content-style":"default","site-sidebar-style":"default","ast-global-header-display":"","ast-banner-title-visibility":"","ast-main-header-display":"","ast-hfb-above-header-display":"","ast-hfb-below-header-display":"","ast-hfb-mobile-header-display":"","site-post-title":"disabled","ast-breadcrumbs-content":"","ast-featured-img":"disabled","footer-sml-layout":"","theme-transparent-header-meta":"","adv-header-id-meta":"","stick-header-meta":"","header-above-stick-meta":"","header-main-stick-meta":"","header-below-stick-meta":"","astra-migrate-meta-layouts":"default","ast-page-background-enabled":"default","ast-page-background-meta":{"desktop":{"background-color":"var(--ast-global-color-4)","background-image":"","background-repeat":"repeat","background-position":"center center","background-size":"auto","background-attachment":"scroll","background-type":"","background-media":"","overlay-type":"","overlay-color":"","overlay-gradient":""},"tablet":{"background-color":"","background-image":"","background-repeat":"repeat","background-position":"center center","background-size":"auto","background-attachment":"scroll","background-type":"","background-media":"","overlay-type":"","overlay-color":"","overlay-gradient":""},"mobile":{"background-color":"","background-image":"","background-repeat":"repeat","background-position":"center center","background-size":"auto","background-attachment":"scroll","background-type":"","background-media":"","overlay-type":"","overlay-color":"","overlay-gradient":""}},"ast-content-background-meta":{"desktop":{"background-color":"var(--ast-global-color-5)","background-image":"","background-repeat":"repeat","background-position":"center center","background-size":"auto","background-attachment":"scroll","background-type":"","background-media":"","overlay-type":"","overlay-color":"","overlay-gradient":""},"tablet":{"background-color":"var(--ast-global-color-5)","background-image":"","background-repeat":"repeat","background-position":"center center","background-size":"auto","background-attachment":"scroll","background-type":"","background-media":"","overlay-type":"","overlay-color":"","overlay-gradient":""},"mobile":{"background-color":"var(--ast-global-color-5)","background-image":"","background-repeat":"repeat","background-position":"center center","background-size":"auto","background-attachment":"scroll","background-type":"","background-media":"","overlay-type":"","overlay-color":"","overlay-gradient":""}},"footnotes":""},"yoast_head":"<!-- This site is optimized with the Yoast SEO plugin v22.5 - https:\/\/yoast.com\/wordpress\/plugins\/seo\/ -->\n<title>Qui\u00e9nes Somos - Elisabet Royuela | Abogada en Andorra<\/title>\n<meta name=\"robots\" content=\"index, follow, max-snippet:-1, max-image-preview:large, max-video-preview:-1\" \/>\n<link rel=\"canonical\" href=\"https:\/\/www.elisabetroyuela.com\/es\/quienes-somos\/\" \/>\n<meta property=\"og:locale\" content=\"es_ES\" \/>\n<meta property=\"og:type\" content=\"article\" \/>\n<meta property=\"og:title\" content=\"Qui\u00e9nes Somos - Elisabet Royuela | Abogada en Andorra\" \/>\n<meta property=\"og:description\" content=\"Amplia experiencia en el asesoramiento y la consultor\u00eda en el \u00e1mbito empresarial. Mi trayectoria profesional se ha centrado principalmente en el asesoramiento legal, comenzando en un despacho de abogados ejerciendo la abogac\u00eda tradicional y posteriormente, durante m\u00e1s de veinte a\u00f1os, ejerciendo roles de abogada y asesora legal en el sector financiero, ocupando cargos directivos en [&hellip;]\" \/>\n<meta property=\"og:url\" content=\"https:\/\/www.elisabetroyuela.com\/es\/quienes-somos\/\" \/>\n<meta property=\"og:site_name\" content=\"Elisabet Royuela | Abogada en Andorra\" \/>\n<meta property=\"article:modified_time\" content=\"2024-07-04T07:46:16+00:00\" \/>\n<meta property=\"og:image\" content=\"https:\/\/www.elisabetroyuela.com\/wp-content\/uploads\/2023\/11\/Qui_Som_01.jpg\" \/>\n<meta name=\"twitter:card\" content=\"summary_large_image\" \/>\n<meta name=\"twitter:label1\" content=\"Tiempo de lectura\" \/>\n\t<meta name=\"twitter:data1\" content=\"2 minutos\" \/>\n<script type=\"application\/ld+json\" class=\"yoast-schema-graph\">{\"@context\":\"https:\/\/schema.org\",\"@graph\":[{\"@type\":\"WebPage\",\"@id\":\"https:\/\/www.elisabetroyuela.com\/es\/quienes-somos\/\",\"url\":\"https:\/\/www.elisabetroyuela.com\/es\/quienes-somos\/\",\"name\":\"Qui\u00e9nes Somos - Elisabet Royuela | Abogada en Andorra\",\"isPartOf\":{\"@id\":\"https:\/\/www.elisabetroyuela.com\/#website\"},\"primaryImageOfPage\":{\"@id\":\"https:\/\/www.elisabetroyuela.com\/es\/quienes-somos\/#primaryimage\"},\"image\":{\"@id\":\"https:\/\/www.elisabetroyuela.com\/es\/quienes-somos\/#primaryimage\"},\"thumbnailUrl\":\"https:\/\/www.elisabetroyuela.com\/wp-content\/uploads\/2023\/11\/Qui_Som_01.jpg\",\"datePublished\":\"2023-06-13T16:35:15+00:00\",\"dateModified\":\"2024-07-04T07:46:16+00:00\",\"breadcrumb\":{\"@id\":\"https:\/\/www.elisabetroyuela.com\/es\/quienes-somos\/#breadcrumb\"},\"inLanguage\":\"es\",\"potentialAction\":[{\"@type\":\"ReadAction\",\"target\":[\"https:\/\/www.elisabetroyuela.com\/es\/quienes-somos\/\"]}]},{\"@type\":\"ImageObject\",\"inLanguage\":\"es\",\"@id\":\"https:\/\/www.elisabetroyuela.com\/es\/quienes-somos\/#primaryimage\",\"url\":\"https:\/\/www.elisabetroyuela.com\/wp-content\/uploads\/2023\/11\/Qui_Som_01.jpg\",\"contentUrl\":\"https:\/\/www.elisabetroyuela.com\/wp-content\/uploads\/2023\/11\/Qui_Som_01.jpg\"},{\"@type\":\"BreadcrumbList\",\"@id\":\"https:\/\/www.elisabetroyuela.com\/es\/quienes-somos\/#breadcrumb\",\"itemListElement\":[{\"@type\":\"ListItem\",\"position\":1,\"name\":\"Inici\",\"item\":\"https:\/\/www.elisabetroyuela.com\/\"},{\"@type\":\"ListItem\",\"position\":2,\"name\":\"Qui\u00e9nes Somos\"}]},{\"@type\":\"WebSite\",\"@id\":\"https:\/\/www.elisabetroyuela.com\/#website\",\"url\":\"https:\/\/www.elisabetroyuela.com\/\",\"name\":\"Elisabet Royuela | Advocada a Andorra\",\"description\":\"Estudi jur\u00eddic especialitzat en igualtat i finances\",\"publisher\":{\"@id\":\"https:\/\/www.elisabetroyuela.com\/#organization\"},\"potentialAction\":[{\"@type\":\"SearchAction\",\"target\":{\"@type\":\"EntryPoint\",\"urlTemplate\":\"https:\/\/www.elisabetroyuela.com\/?s={search_term_string}\"},\"query-input\":\"required name=search_term_string\"}],\"inLanguage\":\"es\"},{\"@type\":\"Organization\",\"@id\":\"https:\/\/www.elisabetroyuela.com\/#organization\",\"name\":\"Elisabet Royuela | Abogada en Andorra\",\"url\":\"https:\/\/www.elisabetroyuela.com\/\",\"logo\":{\"@type\":\"ImageObject\",\"inLanguage\":\"es\",\"@id\":\"https:\/\/www.elisabetroyuela.com\/#\/schema\/logo\/image\/\",\"url\":\"https:\/\/www.elisabetroyuela.com\/wp-content\/uploads\/2023\/06\/Logo_transparent-1.png\",\"contentUrl\":\"https:\/\/www.elisabetroyuela.com\/wp-content\/uploads\/2023\/06\/Logo_transparent-1.png\",\"width\":600,\"height\":180,\"caption\":\"Elisabet Royuela | Abogada en Andorra\"},\"image\":{\"@id\":\"https:\/\/www.elisabetroyuela.com\/#\/schema\/logo\/image\/\"},\"sameAs\":[\"https:\/\/www.linkedin.com\/in\/elisabeth-royuela-ampurdans-4a973b111\"]}]}<\/script>\n<!-- \/ Yoast SEO plugin. -->","yoast_head_json":{"title":"Qui\u00e9nes Somos - Elisabet Royuela | Abogada en Andorra","robots":{"index":"index","follow":"follow","max-snippet":"max-snippet:-1","max-image-preview":"max-image-preview:large","max-video-preview":"max-video-preview:-1"},"canonical":"https:\/\/www.elisabetroyuela.com\/es\/quienes-somos\/","og_locale":"es_ES","og_type":"article","og_title":"Qui\u00e9nes Somos - Elisabet Royuela | Abogada en Andorra","og_description":"Amplia experiencia en el asesoramiento y la consultor\u00eda en el \u00e1mbito empresarial. Mi trayectoria profesional se ha centrado principalmente en el asesoramiento legal, comenzando en un despacho de abogados ejerciendo la abogac\u00eda tradicional y posteriormente, durante m\u00e1s de veinte a\u00f1os, ejerciendo roles de abogada y asesora legal en el sector financiero, ocupando cargos directivos en [&hellip;]","og_url":"https:\/\/www.elisabetroyuela.com\/es\/quienes-somos\/","og_site_name":"Elisabet Royuela | Abogada en Andorra","article_modified_time":"2024-07-04T07:46:16+00:00","og_image":[{"url":"https:\/\/www.elisabetroyuela.com\/wp-content\/uploads\/2023\/11\/Qui_Som_01.jpg"}],"twitter_card":"summary_large_image","twitter_misc":{"Tiempo de lectura":"2 minutos"},"schema":{"@context":"https:\/\/schema.org","@graph":[{"@type":"WebPage","@id":"https:\/\/www.elisabetroyuela.com\/es\/quienes-somos\/","url":"https:\/\/www.elisabetroyuela.com\/es\/quienes-somos\/","name":"Qui\u00e9nes Somos - Elisabet Royuela | Abogada en Andorra","isPartOf":{"@id":"https:\/\/www.elisabetroyuela.com\/#website"},"primaryImageOfPage":{"@id":"https:\/\/www.elisabetroyuela.com\/es\/quienes-somos\/#primaryimage"},"image":{"@id":"https:\/\/www.elisabetroyuela.com\/es\/quienes-somos\/#primaryimage"},"thumbnailUrl":"https:\/\/www.elisabetroyuela.com\/wp-content\/uploads\/2023\/11\/Qui_Som_01.jpg","datePublished":"2023-06-13T16:35:15+00:00","dateModified":"2024-07-04T07:46:16+00:00","breadcrumb":{"@id":"https:\/\/www.elisabetroyuela.com\/es\/quienes-somos\/#breadcrumb"},"inLanguage":"es","potentialAction":[{"@type":"ReadAction","target":["https:\/\/www.elisabetroyuela.com\/es\/quienes-somos\/"]}]},{"@type":"ImageObject","inLanguage":"es","@id":"https:\/\/www.elisabetroyuela.com\/es\/quienes-somos\/#primaryimage","url":"https:\/\/www.elisabetroyuela.com\/wp-content\/uploads\/2023\/11\/Qui_Som_01.jpg","contentUrl":"https:\/\/www.elisabetroyuela.com\/wp-content\/uploads\/2023\/11\/Qui_Som_01.jpg"},{"@type":"BreadcrumbList","@id":"https:\/\/www.elisabetroyuela.com\/es\/quienes-somos\/#breadcrumb","itemListElement":[{"@type":"ListItem","position":1,"name":"Inici","item":"https:\/\/www.elisabetroyuela.com\/"},{"@type":"ListItem","position":2,"name":"Qui\u00e9nes Somos"}]},{"@type":"WebSite","@id":"https:\/\/www.elisabetroyuela.com\/#website","url":"https:\/\/www.elisabetroyuela.com\/","name":"Elisabet Royuela | Advocada a Andorra","description":"Estudi jur\u00eddic especialitzat en igualtat i finances","publisher":{"@id":"https:\/\/www.elisabetroyuela.com\/#organization"},"potentialAction":[{"@type":"SearchAction","target":{"@type":"EntryPoint","urlTemplate":"https:\/\/www.elisabetroyuela.com\/?s={search_term_string}"},"query-input":"required name=search_term_string"}],"inLanguage":"es"},{"@type":"Organization","@id":"https:\/\/www.elisabetroyuela.com\/#organization","name":"Elisabet Royuela | Abogada en Andorra","url":"https:\/\/www.elisabetroyuela.com\/","logo":{"@type":"ImageObject","inLanguage":"es","@id":"https:\/\/www.elisabetroyuela.com\/#\/schema\/logo\/image\/","url":"https:\/\/www.elisabetroyuela.com\/wp-content\/uploads\/2023\/06\/Logo_transparent-1.png","contentUrl":"https:\/\/www.elisabetroyuela.com\/wp-content\/uploads\/2023\/06\/Logo_transparent-1.png","width":600,"height":180,"caption":"Elisabet Royuela | Abogada en Andorra"},"image":{"@id":"https:\/\/www.elisabetroyuela.com\/#\/schema\/logo\/image\/"},"sameAs":["https:\/\/www.linkedin.com\/in\/elisabeth-royuela-ampurdans-4a973b111"]}]}},"_links":{"self":[{"href":"https:\/\/www.elisabetroyuela.com\/es\/wp-json\/wp\/v2\/pages\/846"}],"collection":[{"href":"https:\/\/www.elisabetroyuela.com\/es\/wp-json\/wp\/v2\/pages"}],"about":[{"href":"https:\/\/www.elisabetroyuela.com\/es\/wp-json\/wp\/v2\/types\/page"}],"author":[{"embeddable":true,"href":"https:\/\/www.elisabetroyuela.com\/es\/wp-json\/wp\/v2\/users\/1"}],"replies":[{"embeddable":true,"href":"https:\/\/www.elisabetroyuela.com\/es\/wp-json\/wp\/v2\/comments?post=846"}],"version-history":[{"count":1,"href":"https:\/\/www.elisabetroyuela.com\/es\/wp-json\/wp\/v2\/pages\/846\/revisions"}],"predecessor-version":[{"id":847,"href":"https:\/\/www.elisabetroyuela.com\/es\/wp-json\/wp\/v2\/pages\/846\/revisions\/847"}],"wp:attachment":[{"href":"https:\/\/www.elisabetroyuela.com\/es\/wp-json\/wp\/v2\/media?parent=846"}],"curies":[{"name":"wp","href":"https:\/\/api.w.org\/{rel}","templated":true}]}}