{"id":842,"date":"2023-06-13T10:13:12","date_gmt":"2023-06-13T08:13:12","guid":{"rendered":"https:\/\/www.elisabetroyuela.com\/inicio\/"},"modified":"2024-07-08T20:26:09","modified_gmt":"2024-07-08T18:26:09","slug":"inicio","status":"publish","type":"page","link":"https:\/\/www.elisabetroyuela.com\/es\/","title":{"rendered":"Inicio"},"content":{"rendered":"\t\t<div data-elementor-type=\"wp-post\" data-elementor-id=\"842\" class=\"elementor elementor-842 elementor-24\" data-elementor-post-type=\"page\">\n\t\t\t\t<div class=\"elementor-element elementor-element-9a2f7fb e-con-full e-flex e-con e-parent\" data-id=\"9a2f7fb\" data-element_type=\"container\">\n\t\t\t\t<div class=\"elementor-element elementor-element-5c28a1f elementor-widget__width-inherit elementor--h-position-center elementor--v-position-middle elementor-arrows-position-inside elementor-pagination-position-inside elementor-widget elementor-widget-slides\" data-id=\"5c28a1f\" data-element_type=\"widget\" data-settings=\"{&quot;navigation&quot;:&quot;both&quot;,&quot;autoplay&quot;:&quot;yes&quot;,&quot;pause_on_hover&quot;:&quot;yes&quot;,&quot;pause_on_interaction&quot;:&quot;yes&quot;,&quot;autoplay_speed&quot;:5000,&quot;infinite&quot;:&quot;yes&quot;,&quot;transition&quot;:&quot;slide&quot;,&quot;transition_speed&quot;:500}\" data-widget_type=\"slides.default\">\n\t\t\t\t<div class=\"elementor-widget-container\">\n\t\t\t<style>\/*! elementor-pro - v3.21.0 - 15-04-2024 *\/\n.elementor-slides .swiper-slide-bg{background-size:cover;background-position:50%;background-repeat:no-repeat;min-width:100%;min-height:100%}.elementor-slides .swiper-slide-inner{background-repeat:no-repeat;background-position:50%;position:absolute;top:0;left:0;bottom:0;right:0;padding:50px;margin:auto}.elementor-slides .swiper-slide-inner,.elementor-slides .swiper-slide-inner:hover{color:#fff;display:flex}.elementor-slides .swiper-slide-inner .elementor-background-overlay{position:absolute;z-index:0;top:0;bottom:0;left:0;right:0}.elementor-slides .swiper-slide-inner .elementor-slide-content{position:relative;z-index:1;width:100%}.elementor-slides .swiper-slide-inner .elementor-slide-heading{font-size:35px;font-weight:700;line-height:1}.elementor-slides .swiper-slide-inner .elementor-slide-description{font-size:17px;line-height:1.4}.elementor-slides .swiper-slide-inner .elementor-slide-description:not(:last-child),.elementor-slides .swiper-slide-inner .elementor-slide-heading:not(:last-child){margin-bottom:30px}.elementor-slides .swiper-slide-inner .elementor-slide-button{border:2px solid #fff;color:#fff;background:transparent;display:inline-block}.elementor-slides .swiper-slide-inner .elementor-slide-button,.elementor-slides .swiper-slide-inner .elementor-slide-button:hover{background:transparent;color:inherit;text-decoration:none}.elementor--v-position-top .swiper-slide-inner{align-items:flex-start}.elementor--v-position-bottom .swiper-slide-inner{align-items:flex-end}.elementor--v-position-middle .swiper-slide-inner{align-items:center}.elementor--h-position-left .swiper-slide-inner{justify-content:flex-start}.elementor--h-position-right .swiper-slide-inner{justify-content:flex-end}.elementor--h-position-center .swiper-slide-inner{justify-content:center}body.rtl .elementor-widget-slides .elementor-swiper-button-next{left:10px;right:auto}body.rtl .elementor-widget-slides .elementor-swiper-button-prev{right:10px;left:auto}.elementor-slides-wrapper div:not(.swiper-slide)>.swiper-slide-inner{display:none}@media (max-width:767px){.elementor-slides .swiper-slide-inner{padding:30px}.elementor-slides .swiper-slide-inner .elementor-slide-heading{font-size:23px;line-height:1;margin-bottom:15px}.elementor-slides .swiper-slide-inner .elementor-slide-description{font-size:13px;line-height:1.4;margin-bottom:15px}}<\/style>\t\t<div class=\"elementor-swiper\">\n\t\t\t<div class=\"elementor-slides-wrapper elementor-main-swiper swiper\" dir=\"ltr\" data-animation=\"fadeInUp\">\n\t\t\t\t<div class=\"swiper-wrapper elementor-slides\">\n\t\t\t\t\t\t\t\t\t\t<div class=\"elementor-repeater-item-dbfb037 swiper-slide\"><div class=\"swiper-slide-bg\" role=\"img\"><\/div><div class=\"swiper-slide-inner\" ><div class=\"swiper-slide-contents\"><div class=\"elementor-slide-heading\">Elisabet Royuela<\/div><div class=\"elementor-slide-description\"><p>Estudio jur\u00eddico especializado en igualdad y finanzas en Andorra<\/p>\n<\/div><\/div><\/div><\/div>\t\t\t\t<\/div>\n\t\t\t\t\t\t\t<\/div>\n\t\t<\/div>\n\t\t\t\t<\/div>\n\t\t\t\t<\/div>\n\t\t\t\t<\/div>\n\t\t<div class=\"elementor-element elementor-element-025efbe e-flex e-con-boxed e-con e-parent\" data-id=\"025efbe\" data-element_type=\"container\">\n\t\t\t\t\t<div class=\"e-con-inner\">\n\t\t\t\t<div class=\"elementor-element elementor-element-db2bb4a elementor-widget elementor-widget-heading\" data-id=\"db2bb4a\" data-element_type=\"widget\" data-widget_type=\"heading.default\">\n\t\t\t\t<div class=\"elementor-widget-container\">\n\t\t\t<style>\/*! elementor - v3.21.0 - 18-04-2024 *\/\n.elementor-heading-title{padding:0;margin:0;line-height:1}.elementor-widget-heading .elementor-heading-title[class*=elementor-size-]>a{color:inherit;font-size:inherit;line-height:inherit}.elementor-widget-heading .elementor-heading-title.elementor-size-small{font-size:15px}.elementor-widget-heading .elementor-heading-title.elementor-size-medium{font-size:19px}.elementor-widget-heading .elementor-heading-title.elementor-size-large{font-size:29px}.elementor-widget-heading .elementor-heading-title.elementor-size-xl{font-size:39px}.elementor-widget-heading .elementor-heading-title.elementor-size-xxl{font-size:59px}<\/style><h1 class=\"elementor-heading-title elementor-size-default\">Abogado en Andorra | Estudi jur\u00eddic<\/h1>\t\t<\/div>\n\t\t\t\t<\/div>\n\t\t\t\t\t<\/div>\n\t\t\t\t<\/div>\n\t\t<div class=\"elementor-element elementor-element-8d825b9 e-flex e-con-boxed e-con e-parent\" data-id=\"8d825b9\" data-element_type=\"container\">\n\t\t\t\t\t<div class=\"e-con-inner\">\n\t\t\t\t<div class=\"elementor-element elementor-element-7d92d0b elementor-widget elementor-widget-text-editor\" data-id=\"7d92d0b\" data-element_type=\"widget\" data-widget_type=\"text-editor.default\">\n\t\t\t\t<div class=\"elementor-widget-container\">\n\t\t\t<style>\/*! elementor - v3.21.0 - 18-04-2024 *\/\n.elementor-widget-text-editor.elementor-drop-cap-view-stacked .elementor-drop-cap{background-color:#69727d;color:#fff}.elementor-widget-text-editor.elementor-drop-cap-view-framed .elementor-drop-cap{color:#69727d;border:3px solid;background-color:transparent}.elementor-widget-text-editor:not(.elementor-drop-cap-view-default) .elementor-drop-cap{margin-top:8px}.elementor-widget-text-editor:not(.elementor-drop-cap-view-default) .elementor-drop-cap-letter{width:1em;height:1em}.elementor-widget-text-editor .elementor-drop-cap{float:left;text-align:center;line-height:1;font-size:50px}.elementor-widget-text-editor .elementor-drop-cap-letter{display:inline-block}<\/style>\t\t\t\t<p style=\"text-align: justify;\">Bienvenidos a ESTUDI JUR\u00cdDIC, un despacho legal dedicado a ofrecer servicios profesionales personalizados y de calidad desde el 2023. Con una trayectoria profesional en la abogac\u00eda que se remonta al a\u00f1o 2001, asumo el liderazgo de este emocionante proyecto con el objetivo de brindar soluciones legales integrales a nuestros clientes.<\/p><p style=\"text-align: justify;\">En ESTUDI JUR\u00cdDIC nos comprometemos a proporcionar servicios de consultor\u00eda y asesoramiento legal en diversos campos del derecho, especialmente el mercantil y civil, as\u00ed como representaci\u00f3n legal en procesos judiciales. Nuestra filosof\u00eda se centra en una atenci\u00f3n centrada en el cliente, comprendiendo y abordando sus necesidades de manera efectiva.<\/p><p style=\"text-align: justify;\">Con una amplia experiencia profesional y personal, estamos capacitados para ofrecer asesoramiento a empresas y a particulares. Nuestro enfoque se basa en comprender a fondo los problemas legales de nuestros clientes y encontrar las mejores soluciones para ellos.<\/p><p style=\"text-align: justify;\">ESTUDI JUR\u00cdDIC es una nueva etapa, un nuevo cap\u00edtulo profesional dentro de la abogac\u00eda, aplicada con gran pasi\u00f3n.<\/p><p style=\"text-align: justify;\">Te invito a explorar nuestra p\u00e1gina web y descubrir c\u00f3mo podemos ayudarte a resolver tus problemas legales con eficacia y compromiso. Estamos aqu\u00ed para ti, para enfrentar tus desaf\u00edos legales y encontrar juntos la mejor soluci\u00f3n posible.<\/p>\t\t\t\t\t\t<\/div>\n\t\t\t\t<\/div>\n\t\t\t\t\t<\/div>\n\t\t\t\t<\/div>\n\t\t\t\t<\/div>\n\t\t","protected":false},"excerpt":{"rendered":"<p>Elisabet Royuela Estudio jur\u00eddico especializado en igualdad y finanzas en Andorra Abogado en Andorra | Estudi jur\u00eddic Bienvenidos a ESTUDI JUR\u00cdDIC, un despacho legal dedicado a ofrecer servicios profesionales personalizados y de calidad desde el 2023. Con una trayectoria profesional en la abogac\u00eda que se remonta al a\u00f1o 2001, asumo el liderazgo de este emocionante [&hellip;]<\/p>\n","protected":false},"author":1,"featured_media":0,"parent":0,"menu_order":0,"comment_status":"closed","ping_status":"closed","template":"","meta":{"site-sidebar-layout":"no-sidebar","site-content-layout":"page-builder","ast-site-content-layout":"full-width-container","site-content-style":"unboxed","site-sidebar-style":"unboxed","ast-global-header-display":"","ast-banner-title-visibility":"","ast-main-header-display":"","ast-hfb-above-header-display":"","ast-hfb-below-header-display":"","ast-hfb-mobile-header-display":"","site-post-title":"disabled","ast-breadcrumbs-content":"","ast-featured-img":"disabled","footer-sml-layout":"","theme-transparent-header-meta":"","adv-header-id-meta":"","stick-header-meta":"","header-above-stick-meta":"","header-main-stick-meta":"","header-below-stick-meta":"","astra-migrate-meta-layouts":"default","ast-page-background-enabled":"default","ast-page-background-meta":{"desktop":{"background-color":"var(--ast-global-color-4)","background-image":"","background-repeat":"repeat","background-position":"center center","background-size":"auto","background-attachment":"scroll","background-type":"","background-media":"","overlay-type":"","overlay-color":"","overlay-gradient":""},"tablet":{"background-color":"","background-image":"","background-repeat":"repeat","background-position":"center center","background-size":"auto","background-attachment":"scroll","background-type":"","background-media":"","overlay-type":"","overlay-color":"","overlay-gradient":""},"mobile":{"background-color":"","background-image":"","background-repeat":"repeat","background-position":"center center","background-size":"auto","background-attachment":"scroll","background-type":"","background-media":"","overlay-type":"","overlay-color":"","overlay-gradient":""}},"ast-content-background-meta":{"desktop":{"background-color":"var(--ast-global-color-5)","background-image":"","background-repeat":"repeat","background-position":"center center","background-size":"auto","background-attachment":"scroll","background-type":"","background-media":"","overlay-type":"","overlay-color":"","overlay-gradient":""},"tablet":{"background-color":"var(--ast-global-color-5)","background-image":"","background-repeat":"repeat","background-position":"center center","background-size":"auto","background-attachment":"scroll","background-type":"","background-media":"","overlay-type":"","overlay-color":"","overlay-gradient":""},"mobile":{"background-color":"var(--ast-global-color-5)","background-image":"","background-repeat":"repeat","background-position":"center center","background-size":"auto","background-attachment":"scroll","background-type":"","background-media":"","overlay-type":"","overlay-color":"","overlay-gradient":""}},"footnotes":""},"yoast_head":"<!-- This site is optimized with the Yoast SEO plugin v22.5 - https:\/\/yoast.com\/wordpress\/plugins\/seo\/ -->\n<title>Abogado en Andorra especializado en igualdad y finanzas<\/title>\n<meta name=\"description\" content=\"Abogada especializada en el sistema financiero, asegurador, empresas sucesiones, procesos contenciosos y defensa de la igualdad.\" \/>\n<meta name=\"robots\" content=\"index, follow, max-snippet:-1, max-image-preview:large, max-video-preview:-1\" \/>\n<link rel=\"canonical\" href=\"https:\/\/www.elisabetroyuela.com\/\" \/>\n<meta property=\"og:locale\" content=\"es_ES\" \/>\n<meta property=\"og:type\" content=\"article\" \/>\n<meta property=\"og:title\" content=\"Abogado en Andorra especializado en igualdad y finanzas\" \/>\n<meta property=\"og:description\" content=\"Abogada especializada en el sistema financiero, asegurador, empresas sucesiones, procesos contenciosos y defensa de la igualdad.\" \/>\n<meta property=\"og:url\" content=\"https:\/\/www.elisabetroyuela.com\/\" \/>\n<meta property=\"og:site_name\" content=\"Elisabet Royuela | Abogada en Andorra\" \/>\n<meta property=\"article:modified_time\" content=\"2024-07-08T18:26:09+00:00\" \/>\n<meta name=\"twitter:card\" content=\"summary_large_image\" \/>\n<meta name=\"twitter:label1\" content=\"Tiempo de lectura\" \/>\n\t<meta name=\"twitter:data1\" content=\"1 minuto\" \/>\n<script type=\"application\/ld+json\" class=\"yoast-schema-graph\">{\"@context\":\"https:\/\/schema.org\",\"@graph\":[{\"@type\":\"WebPage\",\"@id\":\"https:\/\/www.elisabetroyuela.com\/\",\"url\":\"https:\/\/www.elisabetroyuela.com\/\",\"name\":\"Abogado en Andorra especializado en igualdad y finanzas\",\"isPartOf\":{\"@id\":\"https:\/\/www.elisabetroyuela.com\/#website\"},\"datePublished\":\"2023-06-13T08:13:12+00:00\",\"dateModified\":\"2024-07-08T18:26:09+00:00\",\"description\":\"Abogada especializada en el sistema financiero, asegurador, empresas sucesiones, procesos contenciosos y defensa de la igualdad.\",\"breadcrumb\":{\"@id\":\"https:\/\/www.elisabetroyuela.com\/#breadcrumb\"},\"inLanguage\":\"es\",\"potentialAction\":[{\"@type\":\"ReadAction\",\"target\":[\"https:\/\/www.elisabetroyuela.com\/\"]}]},{\"@type\":\"BreadcrumbList\",\"@id\":\"https:\/\/www.elisabetroyuela.com\/#breadcrumb\",\"itemListElement\":[{\"@type\":\"ListItem\",\"position\":1,\"name\":\"Inici\",\"item\":\"https:\/\/www.elisabetroyuela.com\/\"},{\"@type\":\"ListItem\",\"position\":2,\"name\":\"Inicio\"}]},{\"@type\":\"WebSite\",\"@id\":\"https:\/\/www.elisabetroyuela.com\/#website\",\"url\":\"https:\/\/www.elisabetroyuela.com\/\",\"name\":\"Elisabet Royuela | Advocada a Andorra\",\"description\":\"Estudi jur\u00eddic especialitzat en igualtat i finances\",\"publisher\":{\"@id\":\"https:\/\/www.elisabetroyuela.com\/#organization\"},\"potentialAction\":[{\"@type\":\"SearchAction\",\"target\":{\"@type\":\"EntryPoint\",\"urlTemplate\":\"https:\/\/www.elisabetroyuela.com\/?s={search_term_string}\"},\"query-input\":\"required name=search_term_string\"}],\"inLanguage\":\"es\"},{\"@type\":\"Organization\",\"@id\":\"https:\/\/www.elisabetroyuela.com\/#organization\",\"name\":\"Elisabet Royuela | Abogada en Andorra\",\"url\":\"https:\/\/www.elisabetroyuela.com\/\",\"logo\":{\"@type\":\"ImageObject\",\"inLanguage\":\"es\",\"@id\":\"https:\/\/www.elisabetroyuela.com\/#\/schema\/logo\/image\/\",\"url\":\"https:\/\/www.elisabetroyuela.com\/wp-content\/uploads\/2023\/06\/Logo_transparent-1.png\",\"contentUrl\":\"https:\/\/www.elisabetroyuela.com\/wp-content\/uploads\/2023\/06\/Logo_transparent-1.png\",\"width\":600,\"height\":180,\"caption\":\"Elisabet Royuela | Abogada en Andorra\"},\"image\":{\"@id\":\"https:\/\/www.elisabetroyuela.com\/#\/schema\/logo\/image\/\"},\"sameAs\":[\"https:\/\/www.linkedin.com\/in\/elisabeth-royuela-ampurdans-4a973b111\"]}]}<\/script>\n<!-- \/ Yoast SEO plugin. -->","yoast_head_json":{"title":"Abogado en Andorra especializado en igualdad y finanzas","description":"Abogada especializada en el sistema financiero, asegurador, empresas sucesiones, procesos contenciosos y defensa de la igualdad.","robots":{"index":"index","follow":"follow","max-snippet":"max-snippet:-1","max-image-preview":"max-image-preview:large","max-video-preview":"max-video-preview:-1"},"canonical":"https:\/\/www.elisabetroyuela.com\/","og_locale":"es_ES","og_type":"article","og_title":"Abogado en Andorra especializado en igualdad y finanzas","og_description":"Abogada especializada en el sistema financiero, asegurador, empresas sucesiones, procesos contenciosos y defensa de la igualdad.","og_url":"https:\/\/www.elisabetroyuela.com\/","og_site_name":"Elisabet Royuela | Abogada en Andorra","article_modified_time":"2024-07-08T18:26:09+00:00","twitter_card":"summary_large_image","twitter_misc":{"Tiempo de lectura":"1 minuto"},"schema":{"@context":"https:\/\/schema.org","@graph":[{"@type":"WebPage","@id":"https:\/\/www.elisabetroyuela.com\/","url":"https:\/\/www.elisabetroyuela.com\/","name":"Abogado en Andorra especializado en igualdad y finanzas","isPartOf":{"@id":"https:\/\/www.elisabetroyuela.com\/#website"},"datePublished":"2023-06-13T08:13:12+00:00","dateModified":"2024-07-08T18:26:09+00:00","description":"Abogada especializada en el sistema financiero, asegurador, empresas sucesiones, procesos contenciosos y defensa de la igualdad.","breadcrumb":{"@id":"https:\/\/www.elisabetroyuela.com\/#breadcrumb"},"inLanguage":"es","potentialAction":[{"@type":"ReadAction","target":["https:\/\/www.elisabetroyuela.com\/"]}]},{"@type":"BreadcrumbList","@id":"https:\/\/www.elisabetroyuela.com\/#breadcrumb","itemListElement":[{"@type":"ListItem","position":1,"name":"Inici","item":"https:\/\/www.elisabetroyuela.com\/"},{"@type":"ListItem","position":2,"name":"Inicio"}]},{"@type":"WebSite","@id":"https:\/\/www.elisabetroyuela.com\/#website","url":"https:\/\/www.elisabetroyuela.com\/","name":"Elisabet Royuela | Advocada a Andorra","description":"Estudi jur\u00eddic especialitzat en igualtat i finances","publisher":{"@id":"https:\/\/www.elisabetroyuela.com\/#organization"},"potentialAction":[{"@type":"SearchAction","target":{"@type":"EntryPoint","urlTemplate":"https:\/\/www.elisabetroyuela.com\/?s={search_term_string}"},"query-input":"required name=search_term_string"}],"inLanguage":"es"},{"@type":"Organization","@id":"https:\/\/www.elisabetroyuela.com\/#organization","name":"Elisabet Royuela | Abogada en Andorra","url":"https:\/\/www.elisabetroyuela.com\/","logo":{"@type":"ImageObject","inLanguage":"es","@id":"https:\/\/www.elisabetroyuela.com\/#\/schema\/logo\/image\/","url":"https:\/\/www.elisabetroyuela.com\/wp-content\/uploads\/2023\/06\/Logo_transparent-1.png","contentUrl":"https:\/\/www.elisabetroyuela.com\/wp-content\/uploads\/2023\/06\/Logo_transparent-1.png","width":600,"height":180,"caption":"Elisabet Royuela | Abogada en Andorra"},"image":{"@id":"https:\/\/www.elisabetroyuela.com\/#\/schema\/logo\/image\/"},"sameAs":["https:\/\/www.linkedin.com\/in\/elisabeth-royuela-ampurdans-4a973b111"]}]}},"_links":{"self":[{"href":"https:\/\/www.elisabetroyuela.com\/es\/wp-json\/wp\/v2\/pages\/842"}],"collection":[{"href":"https:\/\/www.elisabetroyuela.com\/es\/wp-json\/wp\/v2\/pages"}],"about":[{"href":"https:\/\/www.elisabetroyuela.com\/es\/wp-json\/wp\/v2\/types\/page"}],"author":[{"embeddable":true,"href":"https:\/\/www.elisabetroyuela.com\/es\/wp-json\/wp\/v2\/users\/1"}],"replies":[{"embeddable":true,"href":"https:\/\/www.elisabetroyuela.com\/es\/wp-json\/wp\/v2\/comments?post=842"}],"version-history":[{"count":7,"href":"https:\/\/www.elisabetroyuela.com\/es\/wp-json\/wp\/v2\/pages\/842\/revisions"}],"predecessor-version":[{"id":956,"href":"https:\/\/www.elisabetroyuela.com\/es\/wp-json\/wp\/v2\/pages\/842\/revisions\/956"}],"wp:attachment":[{"href":"https:\/\/www.elisabetroyuela.com\/es\/wp-json\/wp\/v2\/media?parent=842"}],"curies":[{"name":"wp","href":"https:\/\/api.w.org\/{rel}","templated":true}]}}